{"id":2834,"date":"2018-08-24T09:38:23","date_gmt":"2018-08-24T09:38:23","guid":{"rendered":"https:\/\/peopleinred.com\/aviso-legal\/"},"modified":"2022-05-25T14:17:00","modified_gmt":"2022-05-25T14:17:00","slug":"avis-legal","status":"publish","type":"page","link":"https:\/\/peopleinred.com\/ca\/avis-legal\/","title":{"rendered":"AV\u00cdS LEGAL I CONDICIONS D\u2019\u00daS"},"content":{"rendered":"<p><strong><span style=\"font-size: 24pt;\">1. IDENTIFICACI\u00d3 DEL TITULAR DEL DOMINI<\/span><\/strong><\/p>\n<p><span style=\"font-size: 14pt;\">En compliment\u00a0 del deure d&#8217;informaci\u00f3 recollit a l\u2019article 10 de la Llei 34\/2002, de 11 de juliol, de Serveis de la Societat de la Informaci\u00f3 i del Comer\u00e7 Electr\u00f2nic, a continuaci\u00f3 es publiquen les seg\u00fcents dades.<\/span><\/p>\n<p><span style=\"font-size: 14pt;\">El titular d&#8217;aquesta website \u00e9s:\u00a0<strong>FUNDACI\u00d3N FLS DE LUCHA CONTRA EL SIDA, LAS ENFERMEDADES INFECCIOSAS Y LA PROMOCI\u00d3N DE LA SALUD Y LA CIENCIA (\u201cFundaci\u00f3 FLS\u201d)<\/strong>\u00a0amb domicili a Badalona (08916 ), Ctra. de Canyet s\/n &#8211; Hosp. Univ. Germans Trias i Pujol, 2a planta Maternal, amb n\u00famero de CIF: G60182821 Inscrit al Registre de Fundacions de la Generalitat amb el n\u00famero 667.<\/span><\/p>\n<p><span style=\"font-size: 14pt;\">\u00a0 \u00a0 \u00a0 \u00a0 \u00a0 \u00b7Tel\u00e8fon de contacte: 934.657.897<\/span><\/p>\n<p><span style=\"font-size: 14pt;\">\u00a0 \u00a0 \u00a0 \u00a0 \u00a0 \u00b7<\/span><span style=\"font-size: 14pt;\">Correu electr\u00f2nic de contacte: <a href=\"mailto:info@lluita.org\">info@lluita.org<\/a><\/span><\/p>\n<p><span style=\"font-size: 14pt;\">\u00a0Els professionals m\u00e8dics que treballen a la Fundaci\u00f3 FLS estan col\u00b7legiats al Col\u00b7legi de Metges de Barcelona que es regeix pel seu propi codi deontol\u00f2gic que es pot consultar al seg\u00fcent enlla\u00e7:\u00a0<\/span><\/p>\n<p><span style=\"font-size: 14pt;\"><strong><a href=\"https:\/\/www.comb.cat\/cat\/colegi\/docs\/codi_deontologic.pdf\">https:\/\/www.comb.cat\/cat\/colegi\/docs\/codi_deontologic.pdf<\/a><\/strong><\/span><\/p>\n<p><strong><span style=\"font-size: 24pt;\">2. CONDICIONS D\u2019\u00daS DE LA WEB. <\/span><\/strong><\/p>\n<p><span style=\"font-size: 14pt;\">S&#8217;entendr\u00e0 com a usuari a la persona que accedeix i faci servir aquest website. L&#8217;usuari pel sol fet de ser-ho accepta aquestes condicions d&#8217;\u00fas.<\/span><\/p>\n<p><span style=\"font-size: 14pt;\">L&#8217;usuari assumeix la responsabilitat de l&#8217;\u00fas que pugui fer d&#8217;aquesta web. Aquesta responsabilitat s&#8217;est\u00e9n al registre que fos necessari per accedir a determinats serveis o continguts. L&#8217;usuari ser\u00e0 responsable d&#8217;aportar informaci\u00f3 vera\u00e7 i l\u00edcita en el proc\u00e9s de registre.<\/span><\/p>\n<p><span style=\"font-size: 14pt;\">L&#8217;USUARI es compromet a fer un \u00fas adequat dels continguts i serveis que la Fundaci\u00f3 FLS ofereix a trav\u00e9s d&#8217;aquesta web i amb car\u00e0cter enunciatiu per\u00f2 no limitador, a no fer-los servir per a:<\/span><\/p>\n<ul>\n<li><span style=\"font-size: 14pt;\">Provocar danys en els sistemes f\u00edsics i l\u00f2gics de la Fundaci\u00f3 FLS, dels seus prove\u00efdors o de terceres persones, introduir o difondre a la xarxa virus inform\u00e0tics o qualssevol altres sistemes f\u00edsics o l\u00f2gics que siguin susceptibles de provocar els danys anteriorment esmentats.<\/span><\/li>\n<li><span style=\"font-size: 14pt;\">Intentar accedir i, si escau, fer servir els comptes de correu electr\u00f2nic d&#8217;altres usuaris i modificar o manipular els seus missatges. Queda prohibida la publicaci\u00f3 en els nostres espais web de continguts que atemptin contra els principis enumerats a continuaci\u00f3, reservant-se el titular del domini l&#8217;exercici de quantes accions siguin procedents en dret contra els responsables de la seva publicaci\u00f3.<\/span><\/li>\n<li><span style=\"font-size: 14pt;\">La salvaguarda de l&#8217;ordre p\u00fablic, la investigaci\u00f3 penal, seguretat p\u00fablica i defensa nacional.<\/span><\/li>\n<li><span style=\"font-size: 14pt;\">La protecci\u00f3 de la salut p\u00fablica o de les persones f\u00edsiques que tinguin la condici\u00f3 de consumidors o usuaris.<\/span><\/li>\n<li><span style=\"font-size: 14pt;\">El respecte a la dignitat de la persona i al principi de no discriminaci\u00f3 per motius de ra\u00e7a, sexe, opini\u00f3, nacionalitat, discapacitat o qualsevol altra circumst\u00e0ncia personal o social.<\/span><\/li>\n<li><span style=\"font-size: 14pt;\">La protecci\u00f3 de la joventut i de la inf\u00e0ncia.<\/span><\/li>\n<li><span style=\"font-size: 14pt;\">El respecte a l&#8217;autonomia de la voluntat de l&#8217;afectat.<\/span><\/li>\n<li><span style=\"font-size: 14pt;\">El respecte a la propietat intel\u00b7lectual del publicat.<\/span><\/li>\n<li><span style=\"font-size: 14pt;\">En general, el respecte a la legalitat vigent.<\/span><\/li>\n<\/ul>\n<p><span style=\"font-size: 14pt;\">La Fundaci\u00f3 FLS es reserva el dret de retirar tots aquells comentaris i aportacions que vulnerin el respecte a la dignitat de la persona, que siguin discriminatoris, xen\u00f2fobs, racistes, pornogr\u00e0fics, que atemptin contra la joventut o la inf\u00e0ncia, l&#8217;ordre o la seguretat p\u00fablica o que, al seu judici, no fossin adequats per a la seva publicaci\u00f3.<\/span><\/p>\n<p><span style=\"font-size: 14pt;\">En qualsevol cas, el titular del domini no ser\u00e0 responsable de les opinions abocades pels usuaris a trav\u00e9s dels f\u00f2rums, xats, o altres eines de participaci\u00f3 que es puguin incorporar a aquesta web.<\/span><\/p>\n<p><strong><span style=\"font-size: 24pt;\">2.1. UTILITZACI\u00d3 DE CONTRASENYES<\/span><\/strong><\/p>\n<p><span style=\"font-size: 14pt;\">Per accedir a continguts concrets s\u2019ha d\u2019incloure un codi d\u2019usuari i una contrasenya.<\/span><\/p>\n<p><span style=\"font-size: 14pt;\">Us informem que les contrasenyes son personals i intransferibles. L\u2019usuari \u00e9s l\u2019\u00fanic responsable de les conseq\u00fc\u00e8ncies que es puguin derivar de la utilitzaci\u00f3 de la seva contrasenya.<\/span><\/p>\n<p><span style=\"font-size: 14pt;\">Per a qualsevol incid\u00e8ncia amb les contrasenyes, pot contactar amb <a href=\"mailto:info@flsida.org\">info@flsida.org<\/a>.<\/span><\/p>\n<p><strong><span style=\"font-size: 24pt;\">3.\u00a0PROPIETAT INTEL\u00b7LECTUAL I INDUSTRIAL<\/span><\/strong><\/p>\n<p><span style=\"font-size: 14pt;\">La Fundaci\u00f3 FLS \u00e9s titular de tots els drets de propietat intel\u00b7lectual i industrial de les seves p\u00e0gines web, com tamb\u00e9 ho \u00e9s de tot el seu contingut, per la qual cosa tota reproducci\u00f3, distribuci\u00f3 i comunicaci\u00f3 p\u00fablica total o parcial del seu contingut queda expressament prohibida sense l&#8217;autoritzaci\u00f3 expressa del titular.<\/span><\/p>\n<p><strong><span style=\"font-size: 24pt;\">4. RESPONSABILITAT<\/span><\/strong><\/p>\n<p><span style=\"font-size: 14pt;\">El titular del domini no ser\u00e0 responsable dels danys i perjudicis que es puguin derivar d&#8217;interfer\u00e8ncies o avaries telef\u00f2niques, desconnexions en el sistema electr\u00f2nic, pres\u00e8ncia de virus inform\u00e0tics, programes maliciosos o qualsevol altre factor ali\u00e8 al seu control.<\/span><\/p>\n<p><span style=\"font-size: 14pt;\">Tampoc ser\u00e0 responsable dels continguts o sistemes de tercers connectats amb el seu domini.<\/span><\/p>\n<p><span style=\"font-size: 14pt;\">La Fundaci\u00f3 FLS es reserva l\u2019exercici de les accions legals que corresponguin contra els que vulnerin aquestes condicions.<\/span><\/p>\n<p><strong><span style=\"font-size: 24pt;\">5. MODIFICACIONS DE LES PRESENTS CONDICIONS I VIG\u00c8NCIA<\/span><\/strong><\/p>\n<p><span style=\"font-size: 14pt;\">La Fundaci\u00f3 FLS pot modificar les presents condicions en qualsevol moment, sense previ av\u00eds, publicant les seves modificacions tal com aqu\u00ed apareixen. Un cop modificades, les presents condicions deixaran de ser vigents i seran substitu\u00efdes per la seva modificaci\u00f3.<\/span><\/p>\n<p><strong><span style=\"font-size: 24pt;\">6. LEGISLACI\u00d3 APLICABLE I JURISDICCI\u00d3<\/span><\/strong><\/p>\n<p><span style=\"font-size: 14pt;\">La relaci\u00f3 entre Fundaci\u00f3 FLS i l&#8217;usuari es regir\u00e0 per la normativa espanyola vigent i qualsevol controv\u00e8rsia se sotmetr\u00e0 als Jutjats i tribunals de la ciutat de Barcelona.<\/span><\/p>\n","protected":false},"excerpt":{"rendered":"<p>1. IDENTIFICACI\u00d3 DEL TITULAR DEL DOMINI En compliment\u00a0 del deure d&#8217;informaci\u00f3 recollit a l\u2019article 10 de la Llei 34\/2002, de 11 de juliol, de Serveis de la Societat de la Informaci\u00f3 i del Comer\u00e7 Electr\u00f2nic, a continuaci\u00f3 es publiquen les [&hellip;]<\/p>\n","protected":false},"author":2,"featured_media":0,"parent":0,"menu_order":0,"comment_status":"closed","ping_status":"closed","template":"","meta":{"_joinchat":[],"footnotes":""},"class_list":["post-2834","page","type-page","status-publish","hentry"],"_links":{"self":[{"href":"https:\/\/peopleinred.com\/ca\/wp-json\/wp\/v2\/pages\/2834","targetHints":{"allow":["GET"]}}],"collection":[{"href":"https:\/\/peopleinred.com\/ca\/wp-json\/wp\/v2\/pages"}],"about":[{"href":"https:\/\/peopleinred.com\/ca\/wp-json\/wp\/v2\/types\/page"}],"author":[{"embeddable":true,"href":"https:\/\/peopleinred.com\/ca\/wp-json\/wp\/v2\/users\/2"}],"replies":[{"embeddable":true,"href":"https:\/\/peopleinred.com\/ca\/wp-json\/wp\/v2\/comments?post=2834"}],"version-history":[{"count":5,"href":"https:\/\/peopleinred.com\/ca\/wp-json\/wp\/v2\/pages\/2834\/revisions"}],"predecessor-version":[{"id":8326,"href":"https:\/\/peopleinred.com\/ca\/wp-json\/wp\/v2\/pages\/2834\/revisions\/8326"}],"wp:attachment":[{"href":"https:\/\/peopleinred.com\/ca\/wp-json\/wp\/v2\/media?parent=2834"}],"curies":[{"name":"wp","href":"https:\/\/api.w.org\/{rel}","templated":true}]}}