{"id":8029,"date":"2022-02-22T09:24:14","date_gmt":"2022-02-22T09:24:14","guid":{"rendered":"https:\/\/peopleinred.com\/la-people\/"},"modified":"2026-03-18T10:09:31","modified_gmt":"2026-03-18T09:09:31","slug":"la-people","status":"publish","type":"page","link":"https:\/\/peopleinred.com\/ca\/la-people\/","title":{"rendered":"LA PEOPLE"},"content":{"rendered":"<div  class=\"one ppb_image_fullwidth\" style=\"display:none;padding:0px 0 0px 0;\" >\n<div class=\"one withbg\" style=\"background-image:url(https:\/\/peopleinred.com\/wp-content\/uploads\/2024\/06\/pir-24.jpg);background-size:cover;background-position:center center;height:600px;position:relative;\"><\/div>\n<\/div>\n<div  class=\"one withsmallpadding ppb_header \" style=\"font-size:18px;padding-bottom:40px !important;\/*background-image: url(&quot;https:\/\/peopleinred.com\/wp-content\/uploads\/2024\/09\/estrella25.png&quot;);background-position: right center;background-repeat: no-repeat;*\/text-align:center;padding:100px 0 100px 0;background-color:#000000;color:#ffffff;\" >\n<div class=\"standard_wrapper\">\n<div class=\"page_content_wrapper\">\n<div class=\"inner\">\n<div style=\"margin:auto;width:70%\">\n<div class=\"ppb_header_content\">\n<p><img decoding=\"async\" style=\"height: 250px; object-fit: contain;\" src=\"https:\/\/peopleinred.com\/wp-content\/uploads\/2025\/11\/pir26-2.png\" \/><\/p>\n<p>Aquest 2026, la <strong>Gala Solid\u00e0ria People in Red Barcelona<\/strong> arriba a la seva 16a edici\u00f3, consolidada com a referent internacional. <strong>Dilluns 11 de maig del 2026,<\/strong> el Museu Nacional d\u2019Art de Catalunya tornar\u00e0 a ser l\u2019escenari d\u2019una nit on la ci\u00e8ncia, la solidaritat i la ciutat de Barcelona es donen la m\u00e0.<\/p>\n<p>La Gala Solid\u00e0ria mant\u00e9 un objectiu clar: recaptar fons per impulsar la recerca cl\u00ednica de la <strong>Fundaci\u00f3 Lluita contra les Infeccions,<\/strong> liderada pel Dr. Bonaventura Clotet. La Fundaci\u00f3 treballa per desenvolupar estrat\u00e8gies innovadores que reforcin el sistema immunitari i permetin combatre infeccions que continuen sent responsables de <strong>1 de cada 5 morts al m\u00f3n.<\/strong><\/p>\n<p>Les infeccions s\u00f3n un dels reptes centrals de la ci\u00e8ncia del present i del futur. Actualment, afrontem amenaces globals com l\u2019aparici\u00f3 de noves pand\u00e8mies, l\u2019expansi\u00f3 de la resist\u00e8ncia als antibi\u00f2tics, la globalitzaci\u00f3, el canvi clim\u00e0tic o els desastres naturals. Tots aquests fen\u00f2mens afavoreixen la propagaci\u00f3 d\u2019infeccions que nom\u00e9s podrem frenar amb m\u00e9s recerca.<\/p>\n<p>La Gala Solid\u00e0ria People in Red Barcelona continua sent una cita imprescindible per aconseguir recursos que permetin desenvolupar idees cient\u00edfiques innovadores. Per\u00f2 aquesta for\u00e7a no neix sola: \u00e9s el resultat del comprom\u00eds de totes les persones, empreses i organitzacions que creuen en la Gala Solid\u00e0ria i en la missi\u00f3 de la Fundaci\u00f3. Gr\u00e0cies a aquest suport, l\u2019esdeveniment creix, evoluciona i multiplica el seu impacte. A m\u00e9s, la pres\u00e8ncia de figures medi\u00e0tiques i creadors digitals contribueix a donar encara m\u00e9s visibilitat a la causa.<\/p>\n<\/div>\n<\/div>\n<\/div>\n<\/div>\n<\/div>\n<\/div>\n<div class=\"standard_wrapper\">\n<div  class=\"ppb_three_cols_images one\" style=\"padding:20px 0 20px 0;\" >\n<div class=\"page_content_wrapper\">\n<div class=\"inner\">\n<div class=\"one_third\">\n<div class=\"image_classic_frame expand\">\n<div class=\"image_wrapper\"><a href=\"https:\/\/peopleinred.com\/wp-content\/uploads\/2026\/03\/alex-martina.jpg\" class=\"img_frame\"><img decoding=\"async\" src=\"https:\/\/peopleinred.com\/wp-content\/uploads\/2026\/03\/alex-martina.jpg\" alt=\"\" class=\"portfolio_img\"\/><\/a><\/div>\n<\/div>\n<\/div>\n<div class=\"one_third\">\n<div class=\"image_classic_frame expand\">\n<div class=\"image_wrapper\"><a href=\"https:\/\/peopleinred.com\/wp-content\/uploads\/2026\/03\/silvia-toni.jpg\" class=\"img_frame\"><img decoding=\"async\" src=\"https:\/\/peopleinred.com\/wp-content\/uploads\/2026\/03\/silvia-toni.jpg\" alt=\"\" class=\"portfolio_img\"\/><\/a><\/div>\n<\/div>\n<\/div>\n<div class=\"one_third last\">\n<div class=\"image_classic_frame\">\n<div class=\"image_wrapper\"><a href=\"https:\/\/peopleinred.com\/wp-content\/uploads\/2026\/03\/amaral.jpg\" class=\"img_frame\"><img decoding=\"async\" src=\"https:\/\/peopleinred.com\/wp-content\/uploads\/2026\/03\/amaral.jpg\" alt=\"\" class=\"portfolio_img\"\/><\/a><\/div>\n<\/div>\n<\/div>\n<\/div>\n<\/div>\n<\/div>\n<\/div>\n<div class=\"standard_wrapper\">\n<div  class=\"ppb_three_cols_images one\" style=\"padding:20px 0 20px 0;\" >\n<div class=\"page_content_wrapper\">\n<div class=\"inner\">\n<div class=\"one_third\">\n<div class=\"image_classic_frame expand\">\n<div class=\"image_wrapper\"><a href=\"https:\/\/peopleinred.com\/wp-content\/uploads\/2026\/03\/joan-dausa.jpg\" class=\"img_frame\"><img decoding=\"async\" src=\"https:\/\/peopleinred.com\/wp-content\/uploads\/2026\/03\/joan-dausa.jpg\" alt=\"\" class=\"portfolio_img\"\/><\/a><\/div>\n<\/div>\n<\/div>\n<div class=\"one_third\">\n<div class=\"image_classic_frame expand\">\n<div class=\"image_wrapper\"><a href=\"https:\/\/peopleinred.com\/wp-content\/uploads\/2026\/03\/eduardo-casanova.jpg\" class=\"img_frame\"><img decoding=\"async\" src=\"https:\/\/peopleinred.com\/wp-content\/uploads\/2026\/03\/eduardo-casanova.jpg\" alt=\"\" class=\"portfolio_img\"\/><\/a><\/div>\n<\/div>\n<\/div>\n<div class=\"one_third last\">\n<div class=\"image_classic_frame\">\n<div class=\"image_wrapper\"><a href=\"https:\/\/peopleinred.com\/wp-content\/uploads\/2026\/03\/nadnu-jubany.jpg\" class=\"img_frame\"><img decoding=\"async\" src=\"https:\/\/peopleinred.com\/wp-content\/uploads\/2026\/03\/nadnu-jubany.jpg\" alt=\"\" class=\"portfolio_img\"\/><\/a><\/div>\n<\/div>\n<\/div>\n<\/div>\n<\/div>\n<\/div>\n<\/div>\n<div  class=\"one withsmallpadding ppb_header \" style=\"font-size:18px;padding-bottom:40px !important;\/*background-image: url(&quot;https:\/\/peopleinred.com\/wp-content\/uploads\/2024\/09\/estrella25.png&quot;);background-position: right center;background-repeat: no-repeat;*\/text-align:center;padding:100px 0 100px 0;background-color:#000000;color:#ffffff;\" >\n<div class=\"standard_wrapper\">\n<div class=\"page_content_wrapper\">\n<div class=\"inner\">\n<div style=\"margin:auto;width:70%\">\n<div class=\"ppb_header_content\">\n<p>La Gala Solid\u00e0ria People in Red Barcelona 2026 presenta una edici\u00f3 vibrant amb un espectacle condu\u00eft per <strong>S\u00edlvia Abril<\/strong> i <strong>Toni Acosta<\/strong> sota un gui\u00f3 d\u2019<strong>El Terrat<\/strong> (The Mediapro Studio). La nit combinar\u00e0 humor, m\u00fasica i moments \u00fanics amb les actuacions de <strong>Joan Daus\u00e0<\/strong>, que portar\u00e0 un fragment especial de la seva Gira Immortals, i <strong>Amaral<\/strong>, que oferir\u00e0 un directe ple d\u2019emoci\u00f3 i for\u00e7a esc\u00e8nica. La festa continuar\u00e0 amb el <strong>DJ Fede Sard\u00e0<\/strong> i els c\u00f2ctels d\u2019autor de <strong>Manel Veh\u00ed<\/strong>, incloent-hi el c\u00f2ctel exclusiu People in Red Barcelona.<\/p>\n<p>L\u2019experi\u00e8ncia gastron\u00f2mica tornar\u00e0 a anar de la m\u00e0 del cuiner <strong>Nandu Jubany<\/strong> i el seu equip, que oferiran un sopar creat especialment per a l\u2019ocasi\u00f3, mantenint el seu reconegut segell d\u2019excel\u00b7l\u00e8ncia.<\/p>\n<p>Els ambaixadors <strong>Martina Klein<\/strong> i <strong>Alex Corretja<\/strong> renoven el seu comprom\u00eds amb la Gala Solid\u00e0ria, aportant visibilitat i projecci\u00f3 internacional al projecte i refor\u00e7ant el suport a la Fundaci\u00f3 Lluita contra les Infeccions.<\/p>\n<p>Aquest 2026 neix tamb\u00e9 el <strong>Premi Solidari People in Red Barcelona<\/strong>, que reconeix traject\u00f2ries dedicades a la salut comunit\u00e0ria i la sensibilitzaci\u00f3 social. En aquesta primera edici\u00f3, el guard\u00f3 \u00e9s per <strong>Eduardo Casanova<\/strong>, cineasta i creador que destaca per la seva mirada valenta i per la seva contribuci\u00f3 a trencar estigmes, especialment despr\u00e9s de fer p\u00fablic que conviu amb el VIH.<\/p>\n<\/div>\n<\/div>\n<\/div>\n<\/div>\n<\/div>\n<\/div>\n<div  class=\"one withsmallpadding ppb_header \" style=\"display:none!important;font-size:18px;padding-bottom:40px !important;text-align:center;padding:70px 0 70px 0;background-color:#000000;color:#ffffff;\" >\n<div class=\"standard_wrapper\">\n<div class=\"page_content_wrapper\">\n<div class=\"inner\">\n<div style=\"margin:auto;width:70%\">\n<div class=\"ppb_header_content\">\n<p style=\"text-align: center;\"><strong>L\u2019ESPECTACLE<\/strong><\/p>\n<p>L\u2019esdeveniment reunir\u00e0 en una mateixa vetllada la participaci\u00f3 d\u2019artistes i col\u00b7laboradors de renom nacional i internacional que faran gaudir a tots els assistents d\u2019una nit solid\u00e0ria plena d\u2019humor, m\u00fasica, gastronomia i sorpreses.<\/p>\n<\/div>\n<\/div>\n<\/div>\n<\/div>\n<\/div>\n<\/div>\n<div id=\"bloque_people\" class=\"one withsmallpadding ppb_text\" style=\"display:none!important;text-align: justify!important;font-size:18px;\/*background-image: url(&quot;https:\/\/peopleinred.com\/wp-content\/uploads\/2024\/09\/estrella2-25.png&quot;);background-position: left center !important;background-repeat: no-repeat !important; *\/padding: 135px 0px 85px !important;    margin-top: -120px;\/*background-image: url(&quot;https:\/\/peopleinred.com\/wp-content\/uploads\/2022\/02\/Estrelles_People02.png&quot;);background-position: left center;background-repeat: no-repeat;*\/text-align:left;padding:40px 0 40px 0;background-color:#000000;\" >\n<div class=\"standard_wrapper\">\n<div class=\"page_content_wrapper\">\n<div class=\"inner\">\n<div style=\"margin:auto;width:100%\">\n<div class=\"one_half \" style=\"\"><img decoding=\"async\" src=\"https:\/\/peopleinred.com\/wp-content\/uploads\/2025\/01\/silvia-andreu-1.jpg\" alt=\"Silvia Abril y Andreu Buenafuente\" width=\"100%\" \/><\/div>\n<div class=\"one_half last \" style=\"\">\n<p>L\u2019espectacle el conduiran els humoristes i presentadors <strong>S\u00edlvia Abril<\/strong> i<strong> Andreu Buenafuente<\/strong>. Amb gui\u00f3 de <strong>El Terrat (The Mediapro Studio)<\/strong>, la coneguda parella omplir\u00e0 l\u2019escenari de la Sala Oval i portar\u00e0 el fil conductor de la vetllada, sempre amb un toc d\u2019humor i mostrant la seva complicitat i qu\u00edmica que tenen tant dins com fora de l\u2019escenari.<\/p>\n<\/div>\n<p><br class=\"clear\"\/><\/p>\n<\/div>\n<\/div>\n<\/div>\n<\/div>\n<\/div>\n<div id=\"bloque_people-inverse\" class=\"one withsmallpadding ppb_text\" style=\"display:none!important;text-align: justify!important;text-align:left;padding:40px 0 40px 0;background-color:#000000;\" >\n<div class=\"standard_wrapper\">\n<div class=\"page_content_wrapper\">\n<div class=\"inner\">\n<div style=\"margin:auto;width:100%\">\n<div class=\"one_half \" style=\"\">\n<p style=\"font-size: 18px;\">A m\u00e9s, tornar\u00e0 la <strong>Fura dels Baus,<\/strong> la companyia teatral de renom internacional dirigida per Carlus Padrissa que, per segon any consecutiu, ens oferir\u00e0 una performance innovadora durant l\u2019aperitiu a l\u2019emblem\u00e0tica terrassa panor\u00e0mica del MNAC i que sense dubte ens impressionar\u00e0 a tots. La People in Red Barcelona podr\u00e0 acollir una de les seves m\u00e9s recents creacions art\u00edstiques: El F\u00e8nix i l\u2019ocell, espectacle que simbolitzar\u00e0 el ren\u00e9ixer de la nostra activitat: l&#8217;esperan\u00e7a de seguir en la recerca despr\u00e9s de 15 anys de People in Red Barcelona. Un acr\u00f2bata de la Fura dels Baus sobrevolar\u00e0 el cel de Barcelona mentres impressionar\u00e0, al mateix temps, amb una actuaci\u00f3 musical i representar\u00e0 el ren\u00e9ixer de la nostre recerca, cada cop m\u00e9s \u00e0mplia i cada cop amb m\u00e9s reptes.<\/p>\n<\/div>\n<div class=\"one_half last \" style=\"\"><img decoding=\"async\" src=\"https:\/\/peopleinred.com\/wp-content\/uploads\/2025\/01\/fura-dels-baus-3.jpg\" alt=\"Fura dels Baus\" width=\"100%\" \/><\/p>\n<\/div>\n<p><br class=\"clear\"\/><\/p>\n<\/div>\n<\/div>\n<\/div>\n<\/div>\n<\/div>\n<div  class=\"one withsmallpadding ppb_header \" style=\"display:none!important;font-size:18px;padding-bottom:40px !important;text-align:center;padding:70px 0 70px 0;background-color:#000000;color:#ffffff;\" >\n<div class=\"standard_wrapper\">\n<div class=\"page_content_wrapper\">\n<div class=\"inner\">\n<div style=\"margin:auto;width:70%\">\n<div class=\"ppb_header_content\">\n<p style=\"text-align: center;\"><strong>M\u00daSICA<\/strong><\/p>\n<p>Enguany la Gala Solid\u00e0ria pren una dimensi\u00f3 internacional perqu\u00e8 hi haur\u00e0 per primera vegada a la hist\u00f2ria un artista que vindr\u00e0 expressament dels Estats Units per col\u00b7laborar amb una actuaci\u00f3 \u00fanica: Rufus Wainwright, que tocar\u00e0 amb el seu piano els seus grans \u00e8xits.<\/p>\n<\/div>\n<\/div>\n<\/div>\n<\/div>\n<\/div>\n<\/div>\n<div id=\"bloque_people\" class=\"one withsmallpadding ppb_text\" style=\"display:none!important;text-align: justify!important;font-size:18px;\/*background-image: url(&quot;https:\/\/peopleinred.com\/wp-content\/uploads\/2022\/02\/Estrelles_People02.png&quot;);background-position: left center;background-repeat: no-repeat;*\/text-align:left;padding:40px 0 40px 0;background-color:#000000;\" >\n<div class=\"standard_wrapper\">\n<div class=\"page_content_wrapper\">\n<div class=\"inner\">\n<div style=\"margin:auto;width:100%\">\n<div class=\"one_half \" style=\"\"><img decoding=\"async\" src=\"https:\/\/peopleinred.com\/wp-content\/uploads\/2025\/01\/rufus-1.jpg\" alt=\"Rufus Wainwright\" width=\"100%\" \/><\/div>\n<div class=\"one_half last \" style=\"\">\n<p>Rufus Wainwright, l&#8217;aclamat cantautor, compositor i pianista d&#8217;origen canadenc-estatunidenc, \u00e9s reconegut pel seu estil \u00fanic que fusiona el pop-barroc, l&#8217;\u00f2pera i el folk.<\/p>\n<p>A m\u00e9s de la seva carrera com a cantautor, Wainwright ha explorat amb \u00e8xit altres g\u00e8neres art\u00edstics: ha compost \u00f2peres, ha col\u00b7laborat amb orquestres simf\u00f2niques de renom internacional i ha creat bandes sonores de pel\u00b7l\u00edcules. La seva capacitat per reinventar cl\u00e0ssics va quedar plasmada en la seva versi\u00f3 de\u00a0Hallelujah\u00a0de Leonard Cohen, entre moltes altres. Aix\u00ed mateix, \u00e9s conegut pel seu activisme en temes LGBTQ+ i per utilitzar el seu art com a plataforma per promoure la igualtat.<\/p>\n<\/div>\n<p><br class=\"clear\"\/><\/p>\n<\/div>\n<\/div>\n<\/div>\n<\/div>\n<\/div>\n<div id=\"bloque_people-inverse\" class=\"one withsmallpadding ppb_text\" style=\"display:none!important;text-align: justify!important;font-size:18px;text-align:left;padding:40px 0 40px 0;background-color:#000000;\" >\n<div class=\"standard_wrapper\">\n<div class=\"page_content_wrapper\">\n<div class=\"inner\">\n<div style=\"margin:auto;width:100%\">\n<div class=\"one_half \" style=\"\">\n<p>L\u2019espectacle tamb\u00e9 comptar\u00e0 amb una actuaci\u00f3 trencadora d\u2019una de les artistes nacionals m\u00e9s aclamades en l\u2019actualitat: <strong>Rigoberta Bandini<\/strong>.<\/p>\n<p>La cantant, compositora i escriptora, despr\u00e9s d\u2019haver guanyat popularitat amb el que ara s\u00f3n himnes musicals <em>Ay, Mam\u00e1<\/em> i <em>Perra<\/em>, s\u2019ha consolidat com una de les dones m\u00e9s reconegudes del panorama musical i destaca per la seva cr\u00edtica social i defensa del feminisme a trav\u00e9s de lletres que celebren la llibertat i la quotidianitat. Tamb\u00e9 \u00e9s coneguda pel seu estil aut\u00e8ntic, que combina elements de pop electr\u00f2nic i influ\u00e8ncies liter\u00e0ries.<\/p>\n<\/div>\n<div class=\"one_half last \" style=\"\"><img decoding=\"async\" src=\"https:\/\/peopleinred.com\/wp-content\/uploads\/2025\/01\/rigoberta-2.jpg\" alt=\"Rigoberta Bandini\" width=\"100%\" \/><\/p>\n<\/div>\n<p><br class=\"clear\"\/><\/p>\n<\/div>\n<\/div>\n<\/div>\n<\/div>\n<\/div>\n<div  class=\"one withsmallpadding ppb_header \" style=\"display:none!important;font-size:18px;padding-bottom:40px !important;text-align:center;padding:70px 0 70px 0;background-color:#000000;color:#ffffff;\" >\n<div class=\"standard_wrapper\">\n<div class=\"page_content_wrapper\">\n<div class=\"inner\">\n<div style=\"margin:auto;width:70%\">\n<div class=\"ppb_header_content\">\n<p>L\u2019after-party ser\u00e0 amenitzat pel <strong>DJ Fede Sard\u00e0<\/strong> i comptar\u00e0 amb els c\u00f2ctels d\u2019autor del premiat cocteler <strong>Manel Veh\u00ed, <\/strong>de <strong>Boia Nit Events<\/strong>.<\/p>\n<\/div>\n<\/div>\n<\/div>\n<\/div>\n<\/div>\n<\/div>\n<div  class=\"one withsmallpadding ppb_header \" style=\"display:none!important;\/*background-image: url(&quot;https:\/\/peopleinred.com\/wp-content\/uploads\/2024\/09\/estrella2-25.png&quot;);background-position: left center !important;background-repeat: no-repeat !important; *\/padding: 135px 0px 85px !important;    margin-top: -120px;text-align:center;padding:70px 0 70px 0;background-color:#000000;color:#ffffff;\" >\n<div class=\"standard_wrapper\">\n<div class=\"page_content_wrapper\">\n<div class=\"inner\">\n<div style=\"margin:auto;width:70%\"><\/div>\n<\/div>\n<\/div>\n<\/div>\n<\/div>\n<div  class=\"one withsmallpadding ppb_header \" style=\"display:none!important;font-size:18px;padding-bottom:40px !important;text-align:center;padding:70px 0 70px 0;background-color:#000000;color:#ffffff;\" >\n<div class=\"standard_wrapper\">\n<div class=\"page_content_wrapper\">\n<div class=\"inner\">\n<div style=\"margin:auto;width:70%\">\n<div class=\"ppb_header_content\">\n<p style=\"text-align: center;\"><strong>GASTRONOMIA<\/strong><\/p>\n<\/div>\n<\/div>\n<\/div>\n<\/div>\n<\/div>\n<\/div>\n<div id=\"bloque_people\" class=\"one withsmallpadding ppb_text\" style=\"display:none!important;text-align: justify!important;font-size:18px;\/*background-image: url(&quot;https:\/\/peopleinred.com\/wp-content\/uploads\/2024\/09\/estrella2-25.png&quot;);background-position: left center !important;background-repeat: no-repeat !important;*\/ padding: 135px 0px 85px !important;    margin-top: -120px;\/*background-image: url(&quot;https:\/\/peopleinred.com\/wp-content\/uploads\/2022\/02\/Estrelles_People02.png&quot;);background-position: left center;background-repeat: no-repeat;*\/text-align:left;padding:40px 0 40px 0;background-color:#000000;\" >\n<div class=\"standard_wrapper\">\n<div class=\"page_content_wrapper\">\n<div class=\"inner\">\n<div style=\"margin:auto;width:100%\">\n<div class=\"one_half \" style=\"\"><img decoding=\"async\" src=\"https:\/\/peopleinred.com\/wp-content\/uploads\/2025\/01\/nandu-2.jpg\" alt=\"Nandu Jubany\" width=\"100%\" \/><\/div>\n<div class=\"one_half last \" style=\"\">\n<p>Tot aquest espectacle anir\u00e0 acompanyat d\u2019una experi\u00e8ncia gastron\u00f2mica inoblidable. El reconegut xef catal\u00e0 <strong>Nandu Jubany<\/strong>, juntament amb l\u2019equip de Jubany Events, s\u2019encarregar\u00e0 d\u2019oferir-nos un any m\u00e9s un sopar d\u2019estrella Michelin.<\/p>\n<p>El medi\u00e0tic xef \u00e9s c\u00f2mplice incondicional de la Fundaci\u00f3 i ja ser\u00e0 l\u20198\u00e8 any que ofereix als assistents el seu segell culinari d\u2019excel\u00b7l\u00e8ncia que combina tradici\u00f3 i modernitat, amb producte de temporada de la millor qualitat i proximitat.<\/p>\n<p>Jubany compta amb una estrella Michelin des de l\u2019any 1998 amb el seu restaurant Can Jubany, a Calldetenes. A m\u00e9s, ha expandit la seva gastronomia amb restaurants a Barcelona, Formentera, Andorra i Singapur i a molts m\u00e9s projectes gastron\u00f2mics.<\/p>\n<\/div>\n<p><br class=\"clear\"\/><\/p>\n<\/div>\n<\/div>\n<\/div>\n<\/div>\n<\/div>\n<div  class=\"one withsmallpadding ppb_header \" style=\"display:none!important;font-size:18px;text-align:center;padding:70px 0 70px 0;background-color:#000000;color:#ffffff;\" >\n<div class=\"standard_wrapper\">\n<div class=\"page_content_wrapper\">\n<div class=\"inner\">\n<div style=\"margin:auto;width:70%\">\n<div class=\"ppb_header_content\">\n<p style=\"text-align: center;\"><strong>ELS AMBAIXADORS<\/strong><\/p>\n<p>Enguany la People in Red Barcelona comptar\u00e0 amb dos ambaixadors d\u2019honor: la <strong>Martina Klein<\/strong> i l\u2019<strong>\u00c0lex Corretja<\/strong>.<\/p>\n<p>Klein i Corretja, que des de 2010 formen una parella medi\u00e0tica molt coneguda i han assistit a la Gala Solid\u00e0ria des dels seus inicis, ara donen un pas m\u00e9s enll\u00e0 en el seu comprom\u00eds amb la recerca cient\u00edfica i representen la nostra causa per fer-la m\u00e9s global, visible i contribuir a l\u2019augment de la recaptaci\u00f3 de fons per la Fundaci\u00f3 Lluita contra les Infeccions.<\/p>\n<\/div>\n<\/div>\n<\/div>\n<\/div>\n<\/div>\n<\/div>\n<div id=\"bloque_people\" class=\"one withsmallpadding ppb_text\" style=\"display:none!important;text-align: justify !important;font-size:18px;padding-bottom:90px !important;\/*background-image: url(&quot;https:\/\/peopleinred.com\/wp-content\/uploads\/2024\/09\/estrella25.png&quot;);background-position: right bottom;background-repeat: no-repeat;*\/text-align:left;padding:40px 0 40px 0;background-color:#000000;\" >\n<div class=\"standard_wrapper\">\n<div class=\"page_content_wrapper\">\n<div class=\"inner\">\n<div style=\"margin:auto;width:100%\">\n<div class=\"one_half \" style=\"\"><img decoding=\"async\" src=\"https:\/\/peopleinred.com\/wp-content\/uploads\/2025\/01\/martina-alex-2.jpg\" alt=\"Martina Klein i \u00c0lex Corretja. \" width=\"100%\" \/><\/div>\n<div class=\"one_half last \" style=\"\">\n<p><strong>Martina Klein<\/strong>, model i actriu disposa d\u2019una destacada traject\u00f2ria en el m\u00f3n de la moda, ha treballat per a firmes internacionals i s&#8217;ha consolidat com a presentadora i escriptora.<\/p>\n<p><strong>\u00c0lex Corretja<\/strong>\u00a0\u00e9s un extennista professional catal\u00e0 que va arribar a ser n\u00famero 2 del r\u00e0nquing mundial de l&#8217;ATP. Guanyador de dues Copes Masters i finalista a Roland Garros en dues ocasions, actualment, \u00e9s comentarista esportiu i col\u00b7labora en iniciatives vinculades a l&#8217;esport i la salut.<\/p>\n<p>La model i el tenista han escollit la nostra Gala Solid\u00e0ria per a fer la seva primera acci\u00f3 professional com a parella.<\/p>\n<\/div>\n<p><br class=\"clear\"\/><\/p>\n<\/div>\n<\/div>\n<\/div>\n<\/div>\n<\/div>\n<div class=\"standard_wrapper\">\n<div  class=\"ppb_three_cols_images one\" style=\"display:none!important;padding:20px 0 20px 0;\" >\n<div class=\"page_content_wrapper\">\n<div class=\"inner\">\n<div class=\"one_third\">\n<div class=\"image_classic_frame expand\">\n<div class=\"image_wrapper\"><a href=\"https:\/\/peopleinred.com\/wp-content\/uploads\/2024\/06\/GIL27582.jpg\" class=\"img_frame\"><img decoding=\"async\" src=\"https:\/\/peopleinred.com\/wp-content\/uploads\/2024\/06\/GIL27582.jpg\" alt=\"\" class=\"portfolio_img\"\/><\/a><\/div>\n<\/div>\n<\/div>\n<div class=\"one_third\">\n<div class=\"image_classic_frame expand\">\n<div class=\"image_wrapper\"><a href=\"https:\/\/peopleinred.com\/wp-content\/uploads\/2024\/06\/2GIL27596.jpg\" class=\"img_frame\"><img decoding=\"async\" src=\"https:\/\/peopleinred.com\/wp-content\/uploads\/2024\/06\/2GIL27596.jpg\" alt=\"\" class=\"portfolio_img\"\/><\/a><\/div>\n<\/div>\n<\/div>\n<div class=\"one_third last\">\n<div class=\"image_classic_frame\">\n<div class=\"image_wrapper\"><a href=\"https:\/\/peopleinred.com\/wp-content\/uploads\/2024\/06\/GIL27336.jpg\" class=\"img_frame\"><img decoding=\"async\" src=\"https:\/\/peopleinred.com\/wp-content\/uploads\/2024\/06\/GIL27336.jpg\" alt=\"\" class=\"portfolio_img\"\/><\/a><\/div>\n<\/div>\n<\/div>\n<\/div>\n<\/div>\n<\/div>\n<\/div>\n<div  class=\"one withsmallpadding ppb_text\" style=\"text-align:left;padding:40px 0 40px 0;margin-top:40px;\" >\n<div class=\"standard_wrapper\">\n<div class=\"page_content_wrapper\">\n<div class=\"inner\">\n<div style=\"margin:auto;width:100%\"><\/div>\n<\/div>\n<\/div>\n<\/div>\n<\/div>\n<div  class=\"one withsmallpadding ppb_content_half_bg withbg parallax \" style=\"background-image:url(https:\/\/peopleinred.com\/wp-content\/uploads\/2025\/01\/rifa-solidaria24.jpg);background-position: center top;padding:150px 0 150px 0;\" >\n<div class=\"standard_wrapper\">\n<div class=\"page_content_wrapper\">\n<div class=\"inner\">\n<div class=\"one_half_bg\" style=\"background:#d20031;background:rgb(210,0,49,1);background:rgba(210,0,49,1);\" data-stellar-ratio=\"1.3\">\n<h2 class=\"ppb_title\" style=\"color:#ffffff;\">RIFA SOLID\u00c0RIA<\/h2>\n<div class=\"ppb_header_content\">\n<p><span lang=\"es-ES-u-co-trad\" style=\"color:#ffffff;\">Els assistents a la Gala Solid\u00e0ria podran participar en la rifa solid\u00e0ria de la People in Red Barcelona 2026, en la qual es sortejaran productes cedits per les marques col\u00b7laboradores. La recaptaci\u00f3 es sumar\u00e0 al marcador final.<br \/>\n<\/span><\/p>\n<\/div>\n<\/div>\n<\/div>\n<\/div>\n<\/div>\n<\/div>\n","protected":false},"excerpt":{"rendered":"<p>Aquest 2026, la Gala Solid\u00e0ria People in Red Barcelona arriba a la seva 16a edici\u00f3, consolidada com a referent internacional. Dilluns 11 de maig del 2026, el Museu Nacional d\u2019Art de Catalunya tornar\u00e0 a ser l\u2019escenari d\u2019una nit on la [&hellip;]<\/p>\n","protected":false},"author":2,"featured_media":0,"parent":0,"menu_order":0,"comment_status":"closed","ping_status":"closed","template":"","meta":{"_joinchat":[],"footnotes":""},"class_list":["post-8029","page","type-page","status-publish","hentry"],"_links":{"self":[{"href":"https:\/\/peopleinred.com\/ca\/wp-json\/wp\/v2\/pages\/8029","targetHints":{"allow":["GET"]}}],"collection":[{"href":"https:\/\/peopleinred.com\/ca\/wp-json\/wp\/v2\/pages"}],"about":[{"href":"https:\/\/peopleinred.com\/ca\/wp-json\/wp\/v2\/types\/page"}],"author":[{"embeddable":true,"href":"https:\/\/peopleinred.com\/ca\/wp-json\/wp\/v2\/users\/2"}],"replies":[{"embeddable":true,"href":"https:\/\/peopleinred.com\/ca\/wp-json\/wp\/v2\/comments?post=8029"}],"version-history":[{"count":85,"href":"https:\/\/peopleinred.com\/ca\/wp-json\/wp\/v2\/pages\/8029\/revisions"}],"predecessor-version":[{"id":20246,"href":"https:\/\/peopleinred.com\/ca\/wp-json\/wp\/v2\/pages\/8029\/revisions\/20246"}],"wp:attachment":[{"href":"https:\/\/peopleinred.com\/ca\/wp-json\/wp\/v2\/media?parent=8029"}],"curies":[{"name":"wp","href":"https:\/\/api.w.org\/{rel}","templated":true}]}}