{"id":8046,"date":"2018-08-21T08:31:09","date_gmt":"2018-08-21T08:31:09","guid":{"rendered":"https:\/\/peopleinred.com\/donativos\/"},"modified":"2026-04-13T11:07:18","modified_gmt":"2026-04-13T09:07:18","slug":"donatius","status":"publish","type":"page","link":"https:\/\/peopleinred.com\/ca\/donatius\/","title":{"rendered":"DONATIUS"},"content":{"rendered":"<div  class=\"one withsmallpadding ppb_header parallax withbg \" style=\"background-image:url(https:\/\/peopleinred.com\/wp-content\/uploads\/2024\/03\/header_destino-fondos.jpg);background-position: center top;text-align:left;padding:220px 0 220px 0;\" >\n<div class=\"standard_wrapper\">\n<div class=\"page_content_wrapper\">\n<div class=\"inner\">\n<div style=\"width:100%\"><\/div>\n<\/div>\n<\/div>\n<\/div>\n<\/div>\n<div class=\"divider one\">&nbsp;<\/div>\n<div class=\"divider one\">&nbsp;<\/div>\n<div  class=\"one withsmallpadding ppb_header \" style=\"text-align:center;padding:0px 0 0px 0;margin-top:40px;\" >\n<div class=\"standard_wrapper\">\n<div class=\"page_content_wrapper\">\n<div class=\"inner\">\n<div style=\"margin:auto;width:65%\">\n<h2 class=\"ppb_title\" style=\"color:#d20031;;text-align:center;\">CADA \u20ac SUMA RECERCA<\/h2>\n<\/div>\n<\/div>\n<\/div>\n<\/div>\n<\/div>\n<div  class=\"one withsmallpadding ppb_header \" style=\"text-align:center;padding:0px 0 0px 0;\" >\n<div class=\"standard_wrapper\">\n<div class=\"page_content_wrapper\">\n<div class=\"inner\">\n<div style=\"margin:auto;width:65%\">\n<div class=\"ppb_header_content\">\n<h2 class=\"ppb_title\" style=\"color:#d20031;font-size: 27px !important;text-align:center;\">Tu tamb\u00e9 pots formar part de la soluci\u00f3<\/h2>\n<p><strong>Amb aquest donatiu entres en un sorteig per formar part de la nostra People in Red Barcelona.<\/strong><\/p>\n<\/div>\n<\/div>\n<\/div>\n<\/div>\n<\/div>\n<\/div>\n<div  class=\"one withsmallpadding ppb_text\" style=\"\/*background-image: url(&quot;https:\/\/peopleinred.com\/wp-content\/uploads\/2024\/09\/estrella25.png&quot;);background-position: left center !important;background-repeat: no-repeat !important; *\/text-align:center;padding:40px 0 40px 0;\" >\n<div class=\"standard_wrapper\">\n<div class=\"page_content_wrapper\">\n<div class=\"inner\">\n<div style=\"margin:auto;width:100%\">\n<div style=\"max-width:500px;margin: 0 auto\">\n            <iframe id=\"scIframe\" title=\"Formulario Pago\" scrolling=\"no\" src=\"https:\/\/www.stockcrowd.com\/payment-4c829399-51da-11ec-84eb-ac1f6b229b4a?fullScreen=0&#038;lang=ca\" allow=\"payment *\" style=\"border:0px; width: 100%;\"><\/iframe>\n        <\/div>\n<p>        <script id=\"integrationJs\" type=\"text\/javascript\" src=\"https:\/\/www.stockcrowd.com\/resources\/js\/templates\/payment\/dp\/integracion-embeded.js\"><\/script><\/p>\n<\/div>\n<\/div>\n<\/div>\n<\/div>\n<\/div>\n<div  class=\"one withsmallpadding ppb_text\" style=\"\/*background-image: url(&quot;https:\/\/peopleinred.com\/wp-content\/uploads\/2024\/09\/estrella2-25.png&quot;);background-position: right center !important;background-repeat: no-repeat !important; *\/text-align:center;padding:0px 0 0px 0;color:#ffffff !important;margin-bottom:40px;\" >\n<div class=\"standard_wrapper\">\n<div class=\"page_content_wrapper\">\n<div class=\"inner\">\n<div style=\"margin:auto;width:75%\">\n<p><strong><span lang=\"es-ES-u-co-trad\" style=\"font-size: 14pt;\">INCENTIUS FISCALS PER DONATIUS<\/span><\/strong><\/p>\n<p><strong>PARTICULARS:<\/strong> Poden desgravar-se el 80% de fins a un m\u00e0xim de 250\u20ac, i el 40% de la quantitat restant.<br \/>\nSi fa m\u00e9s de 3 anys que \u00e9s donant de la Fundaci\u00f3, la desgravaci\u00f3 augmenta fins al 45%.<\/p>\n<p><strong>EMPRESES:<\/strong> Poden desgravar-se el 40% de l\u2019aportaci\u00f3.<br \/>\nSi fa m\u00e9s de 3 anys que \u00e9s donant de la Fundaci\u00f3, la desgravaci\u00f3 augmenta fins al 50%.<\/p>\n<\/div>\n<\/div>\n<\/div>\n<\/div>\n<\/div>\n","protected":false},"excerpt":{"rendered":"<p>&nbsp; &nbsp; CADA \u20ac SUMA RECERCA Tu tamb\u00e9 pots formar part de la soluci\u00f3 Amb aquest donatiu entres en un sorteig per formar part de la nostra People in Red Barcelona. INCENTIUS FISCALS PER DONATIUS PARTICULARS: Poden desgravar-se el 80% [&hellip;]<\/p>\n","protected":false},"author":2,"featured_media":2697,"parent":0,"menu_order":0,"comment_status":"closed","ping_status":"closed","template":"","meta":{"_joinchat":[],"footnotes":""},"class_list":["post-8046","page","type-page","status-publish","has-post-thumbnail","hentry"],"_links":{"self":[{"href":"https:\/\/peopleinred.com\/ca\/wp-json\/wp\/v2\/pages\/8046","targetHints":{"allow":["GET"]}}],"collection":[{"href":"https:\/\/peopleinred.com\/ca\/wp-json\/wp\/v2\/pages"}],"about":[{"href":"https:\/\/peopleinred.com\/ca\/wp-json\/wp\/v2\/types\/page"}],"author":[{"embeddable":true,"href":"https:\/\/peopleinred.com\/ca\/wp-json\/wp\/v2\/users\/2"}],"replies":[{"embeddable":true,"href":"https:\/\/peopleinred.com\/ca\/wp-json\/wp\/v2\/comments?post=8046"}],"version-history":[{"count":30,"href":"https:\/\/peopleinred.com\/ca\/wp-json\/wp\/v2\/pages\/8046\/revisions"}],"predecessor-version":[{"id":20279,"href":"https:\/\/peopleinred.com\/ca\/wp-json\/wp\/v2\/pages\/8046\/revisions\/20279"}],"wp:featuredmedia":[{"embeddable":true,"href":"https:\/\/peopleinred.com\/ca\/wp-json\/wp\/v2\/media\/2697"}],"wp:attachment":[{"href":"https:\/\/peopleinred.com\/ca\/wp-json\/wp\/v2\/media?parent=8046"}],"curies":[{"name":"wp","href":"https:\/\/api.w.org\/{rel}","templated":true}]}}