{"id":8048,"date":"2019-05-20T14:25:45","date_gmt":"2019-05-20T14:25:45","guid":{"rendered":"https:\/\/peopleinred.com\/colaboradores\/"},"modified":"2026-04-13T15:04:22","modified_gmt":"2026-04-13T13:04:22","slug":"collaboradors","status":"publish","type":"page","link":"https:\/\/peopleinred.com\/ca\/collaboradors\/","title":{"rendered":"COL\u00b7LABORADORS"},"content":{"rendered":"<div  class=\"parallax \" style=\"display:none;background-image: url(https:\/\/peopleinred.com\/wp-content\/uploads\/2022\/02\/Imagen-apartado-Colaboradores_optim.jpg);height:90vh; \"><\/div>\n<div  class=\"one withsmallpadding ppb_header \" style=\"padding-bottom:40px!important;\/*background-image: url(&quot;https:\/\/peopleinred.com\/wp-content\/uploads\/2024\/09\/estrella25.png&quot;);background-position: left center !important;background-repeat: no-repeat !important;*\/text-align:center;padding:140px 0 140px 0;background-color:#000000;color:#ffffff;\" >\n<div class=\"standard_wrapper\">\n<div class=\"page_content_wrapper\">\n<div class=\"inner\">\n<div style=\"margin:auto;width:75%\">\n<div class=\"ppb_header_content\">\n<h1><span style=\"color: #db0033; font-size: 72px; margin-bottom: 50px;\">COL\u00b7LABORADORS <\/span><\/h1>\n<p><span style=\"font-size: 14pt;\">La col\u00b7laboraci\u00f3 d\u2019empreses i persones \u00e9s indispensable per continuar amb la recerca puntera que portem a terme en el camp de les infeccions. Si destines recursos a la recerca biom\u00e8dica, ens ajudes a ser m\u00e9s a prop del nostre objectiu: aconseguir un m\u00f3n lliure d&#8217;infeccions.<\/span><\/p>\n<p><span style=\"font-size: 14pt;\">Si vols ser patrocinador de la Gala Solid\u00e0ria People in Red Barcelona, pots escriure\u2019ns a <a href=\"mailto:info@peopleinred.com\"><strong>info@peopleinred.com<\/strong><\/a> o trucar-nos al <a href=\"tel:+34662656810\"><strong>+34 662 656 810<\/strong><\/a> i t\u2019informarem de les diferents modalitats de col\u00b7laboraci\u00f3.<\/span><\/p>\n<\/div>\n<\/div>\n<\/div>\n<\/div>\n<\/div>\n<\/div>\n<div class=\"divider one\">&nbsp;<\/div>\n<div  class=\"one withsmallpadding ppb_header \" style=\"text-align:center;padding:0px 0 0px 0;background-color:#000000;color:#ffffff;\" >\n<div class=\"standard_wrapper\">\n<div class=\"page_content_wrapper\">\n<div class=\"inner\">\n<div style=\"margin:auto;width:100%\">\n<div class=\"ppb_header_content\">\n<h2 style=\"color:#FFFFFF\">COL\u00b7LABORADORS PLATINUM:<\/h2>\n<\/div>\n<\/div>\n<\/div>\n<\/div>\n<\/div>\n<\/div>\n<div  class=\"one withsmallpadding ppb_header \" style=\"text-align:left;padding:0px 0 0px 0;background-color:#000000;\" >\n<div class=\"standard_wrapper\">\n<div class=\"page_content_wrapper\">\n<div class=\"inner\">\n<div style=\"width:100%\">\n<div class=\"ppb_header_content\">\n<p><img decoding=\"async\" class=\"size-full wp-image-4107 aligncenter  logo-colaboradores-platinum\" src=\"https:\/\/peopleinred.com\/wp-content\/uploads\/2026\/03\/platinium-26.png\" alt=\"\" \/><\/p>\n<\/div>\n<\/div>\n<\/div>\n<\/div>\n<\/div>\n<\/div>\n<div class=\"divider one\">&nbsp;<\/div>\n<div  class=\"one withsmallpadding ppb_header \" style=\"text-align:center;padding:0px 0 0px 0;background-color:#000000;\" >\n<div class=\"standard_wrapper\">\n<div class=\"page_content_wrapper\">\n<div class=\"inner\">\n<div style=\"margin:auto;width:100%\">\n<div class=\"ppb_header_content\">\n<h2 style=\"color:#FFFFFF\">COL\u00b7LABORADORS GOLD:<\/h2>\n<\/div>\n<\/div>\n<\/div>\n<\/div>\n<\/div>\n<\/div>\n<div class=\"standard_wrapper\">\n<div  class=\" withsmallpadding ppb_header \" style=\"text-align:left;padding:0px 0 0px 0;background-color:#000000;\" >\n<div class=\"page_content_wrapper\">\n<div class=\"inner\">\n<div style=\"width:100%\">\n<div class=\"ppb_header_content\">\n<p><img decoding=\"async\" class=\"size-full wp-image-4107 aligncenter  logo-colaboradores-platinum\" src=\"https:\/\/peopleinred.com\/wp-content\/uploads\/2026\/04\/gold-26-2.png\" alt=\"\" \/><\/p>\n<\/div>\n<\/div>\n<\/div>\n<\/div>\n<\/div>\n<\/div>\n<div class=\"divider one\">&nbsp;<\/div>\n<div  class=\"one withsmallpadding ppb_header \" style=\"text-align:center;padding:40px 0 40px 0;background-color:#000000;color:#ffffff;\" >\n<div class=\"standard_wrapper\">\n<div class=\"page_content_wrapper\">\n<div class=\"inner\">\n<div style=\"margin:auto;width:100%\">\n<div class=\"ppb_header_content\">\n<h2 style=\"color:#FFFFFF\">COL\u00b7LABORADORS SILVER:<\/h2>\n<\/div>\n<\/div>\n<\/div>\n<\/div>\n<\/div>\n<\/div>\n<div  class=\"one withsmallpadding ppb_header \" style=\"text-align:left;padding:0px 0 0px 0;background-color:#000000;\" >\n<div class=\"standard_wrapper\">\n<div class=\"page_content_wrapper\">\n<div class=\"inner\">\n<div style=\"width:100%\">\n<div class=\"ppb_header_content\">\n<p><img decoding=\"async\" class=\"size-full wp-image-4107 aligncenter logo-colaboradores-silver\" src=\"https:\/\/peopleinred.com\/wp-content\/uploads\/2026\/04\/silver-26-2.png\" alt=\"\" \/><\/p>\n<\/div>\n<\/div>\n<\/div>\n<\/div>\n<\/div>\n<\/div>\n<div class=\"divider one\">&nbsp;<\/div>\n<div  class=\"one withsmallpadding ppb_header \" style=\"text-align:center;padding:0px 0 0px 0;background-color:#000000;color:#ffffff;\" >\n<div class=\"standard_wrapper\">\n<div class=\"page_content_wrapper\">\n<div class=\"inner\">\n<div style=\"margin:auto;width:100%\">\n<div class=\"ppb_header_content\">\n<h2 style=\"color:#FFFFFF\">PARTNERS SOLIDARIS:<\/h2>\n<\/div>\n<\/div>\n<\/div>\n<\/div>\n<\/div>\n<\/div>\n<div  class=\"one withsmallpadding ppb_header \" style=\"text-align:left;padding:0px 0 0px 0;background-color:#000000;\" >\n<div class=\"standard_wrapper\">\n<div class=\"page_content_wrapper\">\n<div class=\"inner\">\n<div style=\"width:100%\">\n<div class=\"ppb_header_content\">\n<p><img decoding=\"async\" class=\"size-full wp-image-4107 aligncenter  logo-colaboradores-platinum\" src=\"https:\/\/peopleinred.com\/wp-content\/uploads\/2026\/03\/Partners-solidarios-26.png\" alt=\"\" \/><\/p>\n<\/div>\n<\/div>\n<\/div>\n<\/div>\n<\/div>\n<\/div>\n<div class=\"divider one\">&nbsp;<\/div>\n<div class=\"standard_wrapper\">\n<div  class=\" withsmallpadding ppb_header \" style=\"text-align:center;padding:40px 0 40px 0;background-color:#000000;color:#ffffff;\" >\n<div class=\"page_content_wrapper\">\n<div class=\"inner\">\n<div style=\"margin:auto;width:100%\">\n<div class=\"ppb_header_content\">\n<h2 style=\"color:#FFFFFF\">HOTELS OFICIALS:<\/h2>\n<\/div>\n<\/div>\n<\/div>\n<\/div>\n<\/div>\n<\/div>\n<div  class=\"one withsmallpadding ppb_header \" style=\"text-align:left;padding:0px 0 0px 0;background-color:#000000;\" >\n<div class=\"standard_wrapper\">\n<div class=\"page_content_wrapper\">\n<div class=\"inner\">\n<div style=\"width:100%\">\n<div class=\"ppb_header_content\">\n<p><img decoding=\"async\" class=\"size-full wp-image-4107 aligncenter logo-colaboradores-platinum\" src=\"https:\/\/peopleinred.com\/wp-content\/uploads\/2026\/03\/hotel-26.png\" alt=\"\" \/><\/p>\n<\/div>\n<\/div>\n<\/div>\n<\/div>\n<\/div>\n<\/div>\n<div class=\"divider one\">&nbsp;<\/div>\n<div class=\"standard_wrapper\">\n<div  class=\" withsmallpadding ppb_header \" style=\"text-align:center;padding:40px 0 40px 0;background-color:#000000;color:#ffffff;\" >\n<div class=\"page_content_wrapper\">\n<div class=\"inner\">\n<div style=\"margin:auto;width:100%\">\n<div class=\"ppb_header_content\">\n<h2 style=\"color:#FFFFFF\">TRANSPORT OFICIAL:<\/h2>\n<\/div>\n<\/div>\n<\/div>\n<\/div>\n<\/div>\n<\/div>\n<div  class=\"one withsmallpadding ppb_header \" style=\"text-align:left;padding:0px 0 0px 0;background-color:#000000;\" >\n<div class=\"standard_wrapper\">\n<div class=\"page_content_wrapper\">\n<div class=\"inner\">\n<div style=\"width:100%\">\n<div class=\"ppb_header_content\">\n<p><img decoding=\"async\" class=\"size-full wp-image-4110 aligncenter logo-colaboradores-gold\" src=\"https:\/\/peopleinred.com\/wp-content\/uploads\/2026\/03\/catering-26.png\" alt=\"\" \/><\/p>\n<\/div>\n<\/div>\n<\/div>\n<\/div>\n<\/div>\n<\/div>\n<div class=\"divider one\">&nbsp;<\/div>\n<div  class=\"one withsmallpadding ppb_header \" style=\"text-align:center;padding:0px 0 0px 0;background-color:#000000;color:#ffffff;\" >\n<div class=\"standard_wrapper\">\n<div class=\"page_content_wrapper\">\n<div class=\"inner\">\n<div style=\"margin:auto;width:100%\">\n<div class=\"ppb_header_content\">\n<h2 style=\"color:#FFFFFF\">TRANSPORT OFICIAL:<\/h2>\n<\/div>\n<\/div>\n<\/div>\n<\/div>\n<\/div>\n<\/div>\n<div class=\"standard_wrapper\">\n<div  class=\" withsmallpadding ppb_header \" style=\"text-align:left;padding:0px 0 0px 0;background-color:#000000;\" >\n<div class=\"page_content_wrapper\">\n<div class=\"inner\">\n<div style=\"width:100%\">\n<div class=\"ppb_header_content\">\n<p><img decoding=\"async\" class=\"size-full wp-image-4107 aligncenter logo-colaboradores-gold\" src=\"https:\/\/peopleinred.com\/wp-content\/uploads\/2025\/01\/transporte-25.png\" alt=\"\" \/><\/p>\n<\/div>\n<\/div>\n<\/div>\n<\/div>\n<\/div>\n<\/div>\n<div class=\"divider one\">&nbsp;<\/div>\n<div  class=\"one withsmallpadding ppb_header \" style=\"text-align:center;padding:0px 0 0px 0;background-color:#000000;color:#ffffff;\" >\n<div class=\"standard_wrapper\">\n<div class=\"page_content_wrapper\">\n<div class=\"inner\">\n<div style=\"margin:auto;width:100%\">\n<div class=\"ppb_header_content\">\n<h2 style=\"color:#FFFFFF\">PERRUQUERIA OFICIAL:<\/h2>\n<\/div>\n<\/div>\n<\/div>\n<\/div>\n<\/div>\n<\/div>\n<div  class=\"one withsmallpadding ppb_header \" style=\"text-align:left;padding:0px 0 0px 0;background-color:#000000;\" >\n<div class=\"standard_wrapper\">\n<div class=\"page_content_wrapper\">\n<div class=\"inner\">\n<div style=\"width:100%\">\n<div class=\"ppb_header_content\">\n<p><img decoding=\"async\" class=\"size-full wp-image-4107 aligncenter logo-colaboradores-solidarios\" src=\"https:\/\/peopleinred.com\/wp-content\/uploads\/2024\/03\/peluqueria-2024.png\" alt=\"\" \/><\/p>\n<\/div>\n<\/div>\n<\/div>\n<\/div>\n<\/div>\n<\/div>\n<div class=\"divider one\">&nbsp;<\/div>\n<div  class=\"one withsmallpadding ppb_header \" style=\"text-align:center;padding:0px 0 0px 0;background-color:#000000;color:#ffffff;\" >\n<div class=\"standard_wrapper\">\n<div class=\"page_content_wrapper\">\n<div class=\"inner\">\n<div style=\"margin:auto;width:100%\">\n<div class=\"ppb_header_content\">\n<h2 style=\"color:#FFFFFF\">MEDIA PARTNERS:<\/h2>\n<\/div>\n<\/div>\n<\/div>\n<\/div>\n<\/div>\n<\/div>\n<div  class=\"one withsmallpadding ppb_header \" style=\"text-align:center;padding:0px 0 0px 0;background-color:#000000;color:#ffffff;\" >\n<div class=\"standard_wrapper\">\n<div class=\"page_content_wrapper\">\n<div class=\"inner\">\n<div style=\"margin:auto;width:100%\">\n<div class=\"ppb_header_content\">\n<p><img decoding=\"async\" class=\"size-full wp-image-4107 aligncenter logo-colaboradores-gold\" src=\"https:\/\/peopleinred.com\/wp-content\/uploads\/2026\/03\/media-partners-26.png\" alt=\"\" \/><\/p>\n<\/div>\n<\/div>\n<\/div>\n<\/div>\n<\/div>\n<\/div>\n<div class=\"divider one\">&nbsp;<\/div>\n<div  class=\"one withsmallpadding ppb_header \" style=\"text-align:center;padding:0px 0 0px 0;background-color:#000000;color:#ffffff;\" >\n<div class=\"standard_wrapper\">\n<div class=\"page_content_wrapper\">\n<div class=\"inner\">\n<div style=\"margin:auto;width:100%\">\n<div class=\"ppb_header_content\">\n<h2 style=\"color:#FFFFFF\">AMB EL SUPORT INSTITUCIONAL DE:<\/h2>\n<\/div>\n<\/div>\n<\/div>\n<\/div>\n<\/div>\n<\/div>\n<div  class=\"one withsmallpadding ppb_header \" style=\"text-align:left;padding:0px 0 0px 0;background-color:#000000;\" >\n<div class=\"standard_wrapper\">\n<div class=\"page_content_wrapper\">\n<div class=\"inner\">\n<div style=\"width:100%\">\n<div class=\"ppb_header_content\">\n<p><img decoding=\"async\" class=\"size-full wp-image-4107 aligncenter logo-colaboradores-gold\" src=\"https:\/\/peopleinred.com\/wp-content\/uploads\/2026\/03\/institucions-26.png\" alt=\"\" \/><\/p>\n<\/div>\n<\/div>\n<\/div>\n<\/div>\n<\/div>\n<\/div>\n<div class=\"divider one\">&nbsp;<\/div>\n<div  class=\"one withsmallpadding ppb_header \" style=\"text-align:center;padding:0px 0 0px 0;background-color:#000000;color:#ffffff;\" >\n<div class=\"standard_wrapper\">\n<div class=\"page_content_wrapper\">\n<div class=\"inner\">\n<div style=\"margin:auto;width:100%\">\n<div class=\"ppb_header_content\">\n<h2 style=\"color:#FFFFFF\">AMB EL SUPORT DE:<\/h2>\n<\/div>\n<\/div>\n<\/div>\n<\/div>\n<\/div>\n<\/div>\n<div  class=\"one withsmallpadding ppb_header \" style=\"text-align:left;padding:0px 0 0px 0;background-color:#000000;\" >\n<div class=\"standard_wrapper\">\n<div class=\"page_content_wrapper\">\n<div class=\"inner\">\n<div style=\"width:100%\">\n<div class=\"ppb_header_content\">\n<p><img decoding=\"async\" class=\"size-full wp-image-4107 aligncenter logo-colaboradores-gold\" src=\"https:\/\/peopleinred.com\/wp-content\/uploads\/2026\/03\/suport-26.png\" alt=\"\" \/><\/p>\n<\/div>\n<\/div>\n<\/div>\n<\/div>\n<\/div>\n<\/div>\n<div class=\"divider one\">&nbsp;<\/div>\n<div  class=\"one withsmallpadding ppb_header \" style=\"text-align:center;padding:0px 0 0px 0;background-color:#000000;color:#ffffff;\" >\n<div class=\"standard_wrapper\">\n<div class=\"page_content_wrapper\">\n<div class=\"inner\">\n<div style=\"margin:auto;width:100%\">\n<div class=\"ppb_header_content\">\n<h2 style=\"color:#FFFFFF\">PADRINS DE LA PEOPLE IN RED: <\/h2>\n<\/div>\n<\/div>\n<\/div>\n<\/div>\n<\/div>\n<\/div>\n<div  class=\"one withsmallpadding ppb_header \" style=\"\/*background-image: url(&quot;https:\/\/peopleinred.com\/wp-content\/uploads\/2024\/09\/estrella2-25.png&quot;);background-position: right center !important;background-repeat: no-repeat !important; *\/text-align:center;padding:0px 0 0px 0;background-color:#000000;color:#ffffff;\" >\n<div class=\"standard_wrapper\">\n<div class=\"page_content_wrapper\">\n<div class=\"inner\">\n<div style=\"margin:auto;width:100%\">\n<div class=\"ppb_header_content\">\n<p><span style=\"text-align: center; font-size: 14pt; text-transform: uppercase;\">Montserrat Pinyol<\/span><\/p>\n<p><span style=\"text-align: center; font-size: 14pt; text-transform: uppercase;\">Jan Andreu<\/span><\/p>\n<p><span style=\"text-align: center; font-size: 14pt; text-transform: uppercase;\">Jordi Barcel\u00f3<\/span><\/p>\n<p><span style=\"text-align: center; font-size: 14pt; text-transform: uppercase;\">Jordi Cerqueda<\/span><\/p>\n<p><span style=\"text-align: center; font-size: 14pt; text-transform: uppercase;\">V\u00edctor Font<\/span><\/p>\n<p><span style=\"text-align: center; font-size: 14pt; text-transform: uppercase;\">Miquel Jord\u00e0<\/span><\/p>\n<p><span style=\"text-align: center; font-size: 14pt; text-transform: uppercase;\">Rafel Mart\u00edn Faix\u00f3<\/span><\/p>\n<p><span style=\"text-align: center; font-size: 14pt; text-transform: uppercase;\">Lola Mitjans<\/span><\/p>\n<p><span style=\"text-align: center; font-size: 14pt; text-transform: uppercase;\">Camino Quiroga<\/span>\n<\/p>\n<p><img decoding=\"async\" class=\"size-full wp-image-4107 aligncenter  logo-colaboradores-platinum\" src=\"https:\/\/peopleinred.com\/wp-content\/uploads\/2025\/11\/px.png\" alt=\"\" style=\"width:1px;\"><\/p>\n<\/div>\n<\/div>\n<\/div>\n<\/div>\n<\/div>\n<\/div>\n<div class=\"divider one\">&nbsp;<\/div>\n<div  class=\"one withsmallpadding ppb_header \" style=\"text-align:center;padding:0px 0 0px 0;background-color:#000000;color:#ffffff;\" >\n<div class=\"standard_wrapper\">\n<div class=\"page_content_wrapper\">\n<div class=\"inner\">\n<div style=\"margin:auto;width:100%\">\n<div class=\"ppb_header_content\">\n<h2 style=\"color:#FFFFFF\">COL\u00b7LABORADORS DEL SORTEIG SOLIDARI D&#8217;AQUESTA EDICI\u00d3:<\/h2>\n<\/div>\n<\/div>\n<\/div>\n<\/div>\n<\/div>\n<\/div>\n<div class=\"standard_wrapper\">\n<div  class=\" withsmallpadding ppb_header \" style=\"text-align:left;padding:0px 0 0px 0;background-color:#000000;\" >\n<div class=\"page_content_wrapper\">\n<div class=\"inner\">\n<div style=\"width:100%\">\n<div class=\"ppb_header_content\">\n<p><img decoding=\"async\" class=\"size-full sorteo  aligncenter logo-colaboradores-platinum\" src=\"https:\/\/peopleinred.com\/wp-content\/uploads\/2026\/04\/colaboradores-26-4.png\" alt=\"\" \/><\/p>\n<\/div>\n<\/div>\n<\/div>\n<\/div>\n<\/div>\n<\/div>\n<div class=\"divider one\">&nbsp;<\/div>\n","protected":false},"excerpt":{"rendered":"<p>COL\u00b7LABORADORS La col\u00b7laboraci\u00f3 d\u2019empreses i persones \u00e9s indispensable per continuar amb la recerca puntera que portem a terme en el camp de les infeccions. Si destines recursos a la recerca biom\u00e8dica, ens ajudes a ser m\u00e9s a prop del nostre [&hellip;]<\/p>\n","protected":false},"author":2,"featured_media":8049,"parent":0,"menu_order":0,"comment_status":"closed","ping_status":"closed","template":"","meta":{"_joinchat":[],"footnotes":""},"class_list":["post-8048","page","type-page","status-publish","has-post-thumbnail","hentry"],"_links":{"self":[{"href":"https:\/\/peopleinred.com\/ca\/wp-json\/wp\/v2\/pages\/8048","targetHints":{"allow":["GET"]}}],"collection":[{"href":"https:\/\/peopleinred.com\/ca\/wp-json\/wp\/v2\/pages"}],"about":[{"href":"https:\/\/peopleinred.com\/ca\/wp-json\/wp\/v2\/types\/page"}],"author":[{"embeddable":true,"href":"https:\/\/peopleinred.com\/ca\/wp-json\/wp\/v2\/users\/2"}],"replies":[{"embeddable":true,"href":"https:\/\/peopleinred.com\/ca\/wp-json\/wp\/v2\/comments?post=8048"}],"version-history":[{"count":103,"href":"https:\/\/peopleinred.com\/ca\/wp-json\/wp\/v2\/pages\/8048\/revisions"}],"predecessor-version":[{"id":20287,"href":"https:\/\/peopleinred.com\/ca\/wp-json\/wp\/v2\/pages\/8048\/revisions\/20287"}],"wp:featuredmedia":[{"embeddable":true,"href":"https:\/\/peopleinred.com\/ca\/wp-json\/wp\/v2\/media\/8049"}],"wp:attachment":[{"href":"https:\/\/peopleinred.com\/ca\/wp-json\/wp\/v2\/media?parent=8048"}],"curies":[{"name":"wp","href":"https:\/\/api.w.org\/{rel}","templated":true}]}}