{"id":8135,"date":"2022-03-03T12:36:29","date_gmt":"2022-03-03T12:36:29","guid":{"rendered":"https:\/\/peopleinred.com\/?page_id=8135"},"modified":"2022-03-03T15:36:12","modified_gmt":"2022-03-03T15:36:12","slug":"politica-de-privadesa","status":"publish","type":"page","link":"https:\/\/peopleinred.com\/ca\/politica-de-privadesa\/","title":{"rendered":"POL\u00cdTICA DE PRIVADESA"},"content":{"rendered":"<p><strong><span style=\"font-size: 24pt;\">1. DRET D&#8217;INFORMACI\u00d3<\/span><\/strong><\/p>\n<p><span style=\"font-size: 14pt;\">En virtut del que disposa l&#8217;article 5 de la Llei Org\u00e0nica 15\/1999 de 13 de desembre, de Protecci\u00f3 de Dades de Car\u00e0cter Personal (en endavant LOPD) i el 13 del Reglament Europeu de Protecci\u00f3 de dades, us informem que:<\/span><\/p>\n<p><span style=\"font-size: 14pt;\">Fundaci\u00f3 Lluita contra la SIDA, amb domicili a Badalona (08916 ), Ctra. de Canyet s\/n &#8211; Hosp. Univ. Germans Trias i Pujol, 2a planta Maternal \u00e9s el responsable del tractament de dades de car\u00e0cter personal.<\/span><br \/>\n<span style=\"font-size: 14pt;\">El Delegat de Protecci\u00f3 de dades de l&#8217;entitat \u00e9s: CIPDI tratamiento de la Informaci\u00f3n SL<\/span><\/p>\n<p><span style=\"font-size: 14pt;\">Les dades que ens faciliti fent servir els formularis que trobar\u00e0 a la web, i les que ens envieu a la nostra adre\u00e7a de correu electr\u00f2nic es recopilen amb la finalitat de gestionar el registre i la assist\u00e8ncia a les activitats, aix\u00ed com per informar sobre activitats que puguin ser d\u2019inter\u00e8s per a l\u2019usuari.<\/span><\/p>\n<p><span style=\"font-size: 14pt;\">La Fundaci\u00f3 Lluita contra la Sida es reserva el dret a fer fotografies i gravacions de v\u00eddeo dels seus esdeveniments i activitats. En acceptar aquest av\u00eds legal al registrar-se per a aquestes activitats, els participants proporcionen expressament autoritzaci\u00f3 pr\u00e8via i consenten que La Fundaci\u00f3 Lluita contra la Sida utilitzi les imatges d&#8217;acord amb el dret a la pr\u00f2pia imatge, tal com estableix l&#8217;article 18 de la Constituci\u00f3 espanyola i el dret per a l&#8217;honor, la intimitat personal i familiar i la pr\u00f2pia imatge, tal com estableix la Llei Org\u00e0nica 1\/1982, de 5 de maig.<\/span><\/p>\n<p><span style=\"font-size: 14pt;\">Els destinataris de la informaci\u00f3 s\u00f3n el personal del centre i les persones i entitats que col\u00b7laboren per donar compliment a les obligacions. Quan hi hagi obligaci\u00f3 legal, les seves dades tamb\u00e9 poden ser cedides a l&#8217;administraci\u00f3 p\u00fablica, en l&#8217;\u00e0mbit de les seves compet\u00e8ncies.<\/span><\/p>\n<p><span style=\"font-size: 14pt;\">Cal que ens faciliti totes les dades que li sol\u00b7licitem i que aquests responguin amb veracitat a la seva situaci\u00f3 actual. Si es nega a facilitar-los, no podrem atendre&#8217;l correctament<\/span><\/p>\n<p><span style=\"font-size: 14pt;\">T\u00e9 dret a exercir els drets d&#8217;acc\u00e9s a les seves dades personals, a la seva rectificaci\u00f3 o supressi\u00f3, a la limitaci\u00f3 del seu tractament, a oposar-se al tractament proposat, i a consentir expressament la possibilitat de fer portabilitat de la seva informaci\u00f3. Per exercir els drets i per a qualsevol aclariment, pot dirigir-se a per escrit a l&#8217;adre\u00e7a postal que consta en aquest document, a l&#8217;adre\u00e7a electr\u00f2nica <strong>info@flsida.org<\/strong> i al tel\u00e8fon <strong>934.657.897<\/strong><\/span><\/p>\n<p><span style=\"font-size: 14pt;\">L&#8217;organisme competent per con\u00e8ixer dels conflictes derivats de la signatura d&#8217;aquest document \u00e9s l&#8217;Autoritat Espanyola de Protecci\u00f3 de Dades ubicada a Madrid (28001), c \/ Jorge Juan nombre 6.<\/span><\/p>\n<p><strong><span style=\"font-size: 24pt;\">2. CONSENTIMENT DE L&#8217;USUARI<\/span><\/strong><\/p>\n<p><span style=\"font-size: 14pt;\">S&#8217;entendr\u00e0 que l&#8217;usuari accepta les condicions establertes si accepta aquest av\u00eds legal que es troba a tots els formularis de recollida de dades, o envia un correu electr\u00f2nic a les adreces de contacte que figuren a la web.<\/span><\/p>\n<p><strong><span style=\"font-size: 24pt;\">3. SEGURETAT<\/span><\/strong><\/p>\n<p><span style=\"font-size: 14pt;\">Les dades personals recollides dels nostres usuaris s\u00f3n emmagatzemades a la base de dades abans descrita, que garanteix les mesures oportunes d&#8217;\u00edndole t\u00e8cnica i estructural per a prevenir la integritat i seguretat de la informaci\u00f3 personal aportada i disposa d&#8217;un document de seguretat que compleix amb el Reial Decret 1720\/2007, de 21 de desembre, pel qual s&#8217;aprova el Reglament de desenvolupament de la Llei Org\u00e0nica 15\/1999, de 13 de desembre, de protecci\u00f3 de dades de car\u00e0cter personal. (BOE n\u00fam. 17 de 19\/1\/2008) i ha establert tots els mitjans t\u00e8cnics al seu abast per evitar la p\u00e8rdua, mal \u00fas, alteraci\u00f3, acc\u00e9s no autoritzat i robatori de les dades que vost\u00e8 ens faciliti, sense perjudici d&#8217;informar-li que les mesures de seguretat a Internet no s\u00f3n inexpugnables.<\/span><\/p>\n<p><span style=\"font-size: 14pt;\">El tractament de les dades personals est\u00e0 ajustat a la normativa establerta en la Llei Org\u00e0nica 15\/1999, 13 de desembre, de Protecci\u00f3 de Dades de Car\u00e0cter Personal (BOE 14\/12\/1999).<\/span><\/p>\n<p><strong><span style=\"font-size: 24pt;\">4. RESPONSABILITAT I ASSEGURANCES<\/span><\/strong><\/p>\n<p><span style=\"font-size: 14pt;\">En registrar-se per les activitats, els assistents a les persones acorden que els organitzadors no accepten cap tipus de responsabilitat per a assegurances m\u00e8diques, de viatge i personal. Per tant, es recomana als participants que emetin les seves p\u00f2lisses d&#8217;asseguran\u00e7a personal per cobrir qualsevol incid\u00e8ncia.<\/span><br \/>\n<span style=\"font-size: 14pt;\">L&#8217;organitzaci\u00f3 renuncia a tota responsabilitat per lesions o qualsevol tipus de p\u00e8rdua de les persones que assisteixin a aquesta activitat, aix\u00ed com qualsevol c\u00e0rrec associat a cancel\u00b7lacions d&#8217;\u00faltima hora per circumst\u00e0ncies inesperades.<\/span><br \/>\n<span style=\"font-size: 14pt;\">Els assistents participaran en els esdeveniments amb la intenci\u00f3 total de respectar les instal\u00b7lacions en \u00fas i s\u00f3n responsables dels danys i perjudicis a les instal\u00b7lacions per a les quals s\u00f3n personalment responsables.<\/span><\/p>\n<p><span style=\"font-size: 24pt;\"><strong>5. MODIFICACI\u00d3 DEL PROGRAMA<\/strong><\/span><\/p>\n<p><span style=\"font-size: 14pt;\">La Fundaci\u00f3 Lluita contra la Sida es reserva el dret de canviar o ajustar el programa anunciat si \u00e9s necessari sense cap responsabilitat. En el cas que l&#8217;activitat no es pugui celebrar o es posposi per causes fora del control dels seus organitzadors (for\u00e7a major) o per fets que no siguin atribu\u00efbles a intencions il\u00b7l\u00edcites o neglig\u00e8ncies greus dels organitzadors, els organitzadors no es responsabilitzen dels danys i perjudicis, costos o p\u00e8rdues en qu\u00e8 es produeix, com ara transport, allotjament o altres p\u00e8rdues financeres. En aquestes circumst\u00e0ncies, els organitzadors es reserven el dret de retirar la quota d&#8217;inscripci\u00f3 i utilitzar-la per a un esdeveniment futur o per reemborsar l&#8217;assistent despr\u00e9s de deduir les despeses ja incorregudes per a l&#8217;organitzaci\u00f3 de la confer\u00e8ncia i que no es podrien recuperar de tercers.<\/span><\/p>\n<p><span style=\"font-size: 24pt;\"><strong>6. LLEI APLICABLE<\/strong><\/span><\/p>\n<p><span style=\"font-size: 14pt;\">Els conflictes o disputes que puguin sorgir en la interpretaci\u00f3 dels termes i condicions d&#8217;aquest av\u00eds legal, o qualsevol q\u00fcesti\u00f3 relacionada amb els serveis prestats per La Fundaci\u00f3 Lluita contra la Sida quedaran sota la jurisdicci\u00f3 de la Llei espanyola.<\/span><\/p>\n","protected":false},"excerpt":{"rendered":"<p>1. DRET D&#8217;INFORMACI\u00d3 En virtut del que disposa l&#8217;article 5 de la Llei Org\u00e0nica 15\/1999 de 13 de desembre, de Protecci\u00f3 de Dades de Car\u00e0cter Personal (en endavant LOPD) i el 13 del Reglament Europeu de Protecci\u00f3 de dades, us [&hellip;]<\/p>\n","protected":false},"author":2,"featured_media":0,"parent":0,"menu_order":0,"comment_status":"closed","ping_status":"closed","template":"","meta":{"_joinchat":[],"footnotes":""},"class_list":["post-8135","page","type-page","status-publish","hentry"],"_links":{"self":[{"href":"https:\/\/peopleinred.com\/ca\/wp-json\/wp\/v2\/pages\/8135","targetHints":{"allow":["GET"]}}],"collection":[{"href":"https:\/\/peopleinred.com\/ca\/wp-json\/wp\/v2\/pages"}],"about":[{"href":"https:\/\/peopleinred.com\/ca\/wp-json\/wp\/v2\/types\/page"}],"author":[{"embeddable":true,"href":"https:\/\/peopleinred.com\/ca\/wp-json\/wp\/v2\/users\/2"}],"replies":[{"embeddable":true,"href":"https:\/\/peopleinred.com\/ca\/wp-json\/wp\/v2\/comments?post=8135"}],"version-history":[{"count":2,"href":"https:\/\/peopleinred.com\/ca\/wp-json\/wp\/v2\/pages\/8135\/revisions"}],"predecessor-version":[{"id":8153,"href":"https:\/\/peopleinred.com\/ca\/wp-json\/wp\/v2\/pages\/8135\/revisions\/8153"}],"wp:attachment":[{"href":"https:\/\/peopleinred.com\/ca\/wp-json\/wp\/v2\/media?parent=8135"}],"curies":[{"name":"wp","href":"https:\/\/api.w.org\/{rel}","templated":true}]}}