{"id":8147,"date":"2022-03-03T11:44:13","date_gmt":"2022-03-03T11:44:13","guid":{"rendered":"https:\/\/peopleinred.com\/politica-de-cookies\/"},"modified":"2022-05-25T14:14:52","modified_gmt":"2022-05-25T14:14:52","slug":"politica-de-cookies","status":"publish","type":"page","link":"https:\/\/peopleinred.com\/ca\/politica-de-cookies\/","title":{"rendered":"POL\u00cdTICA DE COOKIES"},"content":{"rendered":"<p><span style=\"font-size: 14pt;\">Aquesta pol\u00edtica de <em>cookies<\/em> s&#8217;elabora en el compliment de les obligacions previstes a l&#8217;article 22.2 de la Llei 34\/2002, de 11 de juliol, de serveis de la societat de la informaci\u00f3 i de comer\u00e7 electr\u00f2nic (en endavant, LSSI), en relaci\u00f3 amb el Reglament General de Protecci\u00f3 de Dades (RGPD) i la Llei Org\u00e0nica 3\/2018, de 5 de desembre, de Protecci\u00f3 de Dades i garantia dels drets digitals (LOPDGDD), amb motiu de la revisi\u00f3 del Comit\u00e8 Europeu de Protecci\u00f3 de Dades (CEPD) al maig de 2020 a les Directrius 05\/2020 sobre consentiment.<\/span><\/p>\n<p><span style=\"font-size: 24pt;\"><strong>1. DEFINICI\u00d3 I FUNCI\u00d3 DE LES COOKIES<\/strong><\/span><\/p>\n<p><span style=\"font-size: 14pt;\">Una <em>cookie<\/em> \u00e9s qualsevol tipus de dispositiu d&#8217;emmagatzematge i recuperaci\u00f3 de dades que s&#8217;utilitzi en l&#8217;equip terminal d&#8217;un usuari amb la finalitat d&#8217;emmagatzemar informaci\u00f3 i recuperar la informaci\u00f3 ja emmagatzemada.<\/span><\/p>\n<p><span style=\"font-size: 14pt;\">Per a la utilitzaci\u00f3 d&#8217;aquesta web s&#8217;utilitzen <em>cookies<\/em>. Les <em>cookies<\/em> que es puguin utilitzar s&#8217;associen \u00fanicament amb el navegador d&#8217;un ordinador o dispositiu determinat (un usuari an\u00f2nim), i no proporcionen per si mateixes cap dada personal de l&#8217;usuari. Es poden utilitzar els seg\u00fcents tipus de cookies, agrupades per la seva finalitat:<\/span><\/p>\n<p><span style=\"font-size: 14pt;\"><strong><u>&#8211; Cookies t\u00e8cniques:<\/u><\/strong> permeten a l&#8217;usuari la navegaci\u00f3 a trav\u00e9s de la p\u00e0gina web i la utilitzaci\u00f3 de les diferents opcions o serveis que en ella hi ha; per exemple, controlar el tr\u00e0nsit i la comunicaci\u00f3 de dades, identificar la sessi\u00f3, accedir a parts d&#8217;acc\u00e9s restringit, recordar els elements que integren una comanda, realitzar el proc\u00e9s de compra d&#8217;una comanda, realitzar la sol\u00b7licitud d&#8217;inscripci\u00f3 o participaci\u00f3 en un esdeveniment, utilitzar elements de seguretat durant la navegaci\u00f3 o emmagatzemar, difondre i\/o compartir continguts. Aquestes <em>cookies<\/em> s\u00f3n <strong>necess\u00e0ries<\/strong> per al funcionament del servei ofert.<\/span><\/p>\n<p><span style=\"font-size: 14pt;\"><strong><u>&#8211; Cookies de prefer\u00e8ncies o personalitzaci\u00f3:<\/u><\/strong> permeten recordar informaci\u00f3 per a que l&#8217;usuari accedeixi al servei amb determinades caracter\u00edstiques que poden diferenciar la seva experi\u00e8ncia de la d&#8217;altres usuaris; per exemple, l&#8217;idioma, el nombre de resultats a mostrar quan l&#8217;usuari realitza una recerca, l&#8217;aspecte o contingut del servei en funci\u00f3 del tipus de navegador a trav\u00e9s del qual l&#8217;usuari accedeix al servei o de la regi\u00f3 des de la qual s&#8217;accedeix al servei, etc.<\/span><\/p>\n<p><span style=\"font-size: 14pt;\">Si \u00e9s el propi usuari qui tria aquestes caracter\u00edstiques, les <em>cookies de prefer\u00e8ncies <\/em>estaran exceptuades de les obligacions de l&#8217;article 22.2 de la LSSI per considerar-se un servei expressament sol\u00b7licitat per l&#8217;usuari, i aix\u00f2 sempre que les cookies obeeixin exclusivament a la finalitat seleccionada.<\/span><\/p>\n<p><span style=\"font-size: 14pt;\"><strong><u>&#8211; Cookies d\u2019an\u00e0lisis o medici\u00f3:<\/u><\/strong> permeten quantificar el nombre d&#8217;usuaris i aix\u00ed realitzar el mesurament i an\u00e0lisi estad\u00edstica de la utilitzaci\u00f3 i activitat que fan els usuaris de la nostra p\u00e0gina web, aix\u00ed com elaborar de perfils de navegaci\u00f3 dels usuaris en aquestes p\u00e0gines i en les nostres aplicacions, tot aix\u00f2 amb la finalitat d&#8217;introduir millores.<\/span><\/p>\n<p><span style=\"font-size: 14pt;\"><strong><u>&#8211; Cookies de publicitat comportamental:<\/u><\/strong> emmagatzemen informaci\u00f3 del comportament dels usuaris obtinguda a trav\u00e9s de l&#8217;observaci\u00f3 continuada dels seus h\u00e0bits de navegaci\u00f3, el que permet desenvolupar un perfil espec\u00edfic per a mostrar publicitat en funci\u00f3 de la mateixa.<\/span><\/p>\n<p><span style=\"font-size: 14pt;\">Les <em>cookies<\/em> <strong>pr\u00f2pies<\/strong> s\u00f3n les creades o gestionades pel responsable de la p\u00e0gina web. Les <em>cookies<\/em> <strong>de tercers<\/strong> s\u00f3n les administrades per prestadors de serveis t\u00e8cnics, d&#8217;an\u00e0lisi, xarxes socials, de personalitzaci\u00f3 i de publicitat (inclosa publicitat comportamental) aliens al responsable de la p\u00e0gina web.<\/span><\/p>\n<p><span style=\"font-size: 24pt;\"><strong>2.\u00a0 TIPUS DE COOKIES UTILITZADES<\/strong><\/span><\/p>\n<p><span style=\"font-size: 14pt;\">Les cookies utilitzades en aquesta p\u00e0gina web i la seva finalitat es detallen a continuaci\u00f3<a href=\"#_ftn2\" name=\"_ftnref1\"><\/a>:<\/span><\/p>\n<table style=\"width: 95.6449%; height: 463px;\" width=\"0\">\n<tbody>\n<tr>\n<td width=\"74\"><strong>Cookie<\/strong><\/td>\n<td width=\"66\"><strong>Titular<\/strong><\/td>\n<td width=\"68\"><strong>Durada<\/strong><\/td>\n<td width=\"109\"><strong>Categoria<\/strong><\/td>\n<td width=\"138\"><strong>Finalitat<\/strong><\/td>\n<td width=\"315\"><strong>Pol\u00edtica privacitat del titular<\/strong><\/td>\n<\/tr>\n<tr>\n<td width=\"74\">_ ga<\/td>\n<td width=\"66\">Google<\/td>\n<td width=\"68\">2 anys<\/td>\n<td width=\"109\">Cookie d\u2019an\u00e0lisis<\/td>\n<td width=\"138\">Per distingir els usuaris.<\/td>\n<td width=\"315\"><a href=\"https:\/\/policies.google.com\/technologies\/cookies?hl=es&amp;fg=1\">https:\/\/policies.google.com\/technologies\/cookies?hl=es&amp;fg=1<\/a><\/td>\n<\/tr>\n<tr>\n<td width=\"74\">_gat<\/td>\n<td width=\"66\">Google<\/td>\n<td width=\"68\">1 minut<\/td>\n<td width=\"109\">Cookie d\u2019an\u00e0lisis<\/td>\n<td width=\"138\">Per distingir els usuaris.<\/td>\n<td width=\"315\"><a href=\"https:\/\/policies.google.com\/technologies\/cookies?hl=es&amp;fg=1\">https:\/\/policies.google.com\/technologies\/cookies?hl=es&amp;fg=1<\/a><\/td>\n<\/tr>\n<tr>\n<td width=\"74\">_gid<\/td>\n<td width=\"66\">Google<\/td>\n<td width=\"68\">24 hores<\/td>\n<td width=\"109\">Cookie d\u2019an\u00e0lisis<\/td>\n<td width=\"138\">Per distingir els usuaris.<\/td>\n<td width=\"315\"><a href=\"https:\/\/policies.google.com\/technologies\/cookies?hl=es&amp;fg=1\">https:\/\/policies.google.com\/technologies\/cookies?hl=es&amp;fg=1<\/a><\/td>\n<\/tr>\n<tr>\n<td width=\"74\">_ ga<\/td>\n<td width=\"66\">Google<\/td>\n<td width=\"68\">2 anys<\/td>\n<td width=\"109\">Cookie d\u2019an\u00e0lisis<\/td>\n<td width=\"138\">Per distingir els usuaris.<\/td>\n<td width=\"315\"><a href=\"https:\/\/policies.google.com\/technologies\/cookies?hl=es&amp;fg=1\">https:\/\/policies.google.com\/technologies\/cookies?hl=es&amp;fg=1<\/a><\/td>\n<\/tr>\n<\/tbody>\n<\/table>\n<p><strong style=\"font-size: 24pt;\">3. CONFIGURAR COOKIES<\/strong><\/p>\n<p>En seleccionar el &#8220;Accepto cookies&#8221;, l&#8217;usuari accepta el funcionament de les cookies considerades com &#8220;no necess\u00e0ries&#8221;; ergo, les cookies de prefer\u00e8ncies de les caracter\u00edstiques dels serveis que no hagin estat escollides per l&#8217;usuari, les cookies d&#8217;an\u00e0lisi i les galetes de publicitat.<\/p>\n<p><span style=\"font-size: 14pt;\"><strong>3.1 DESACTIVAR O ELIMINAR COOKIES<\/strong><\/span><\/p>\n<p><span style=\"font-size: 14pt;\">L\u2019usuari t\u00e9 la possibilitat de configurar el seu navegador per ser avisat en pantalla de la recepci\u00f3 de <em>cookies<\/em> i per evitar la seva instal\u00b7laci\u00f3 en el seu disc dur. Tots els navegadors permeten fer canvis per tal de desactivar la configuraci\u00f3 de les cookies. Aquests ajustos es troben ubicats a les &#8220;opcions&#8221; o &#8220;prefer\u00e8ncies&#8221; del men\u00fa del seu navegador. A continuaci\u00f3, podr\u00e0 trobar els links de cada navegador per desactivar les <em>cookies<\/em> seguint les instruccions:<\/span><\/p>\n<p><span style=\"font-size: 14pt;\"><strong>&#8211; Explorer:<\/strong> <a href=\"https:\/\/support.microsoft.com\/es-es\/help\/17442\/windows-internet-explorer-delete-manage-cookies\">https:\/\/support.microsoft.com\/es-es\/help\/17442\/windows-internet-explorer-delete-manage-cookies<\/a><\/span><\/p>\n<p><span style=\"font-size: 14pt;\"><strong>\u00a0&#8211; Firefox:<\/strong> <a href=\"http:\/\/goo.gl\/F5pHX\">http:\/\/goo.gl\/F5pHX<\/a><\/span><\/p>\n<p><span style=\"font-size: 14pt;\"><strong>&#8211;<\/strong><strong>Chrome: <\/strong><a href=\"http:\/\/support.google.com\/chrome\/bin\/answer.py?hl=es&amp;answer=95647\">http:\/\/support.google.com\/chrome\/bin\/answer.py?hl=es&amp;answer=95647<\/a><\/span><\/p>\n<p><span style=\"font-size: 14pt;\"><strong>&#8211; Google: <\/strong><a href=\"https:\/\/tools.google.com\/dlpage\/gaoptout?hl=es\">https:\/\/tools.google.com\/dlpage\/gaoptout?hl=es<\/a><\/span><\/p>\n<p><span style=\"font-size: 14pt;\"><strong>&#8211; Safari:<\/strong> <a href=\"http:\/\/support.apple.com\/kb\/ph5042\">http:\/\/support.apple.com\/kb\/ph5042<\/a><\/span><\/p>\n<p><span style=\"font-size: 14pt;\"><strong>&#8211; Opera:<\/strong> <a href=\"http:\/\/www.opera.com\/help\/tutorials\/security\/privacy\/\">http:\/\/www.opera.com\/help\/tutorials\/security\/privacy\/<\/a><\/span><\/p>\n<p><span style=\"font-size: 14pt;\">L&#8217;informem, per\u00f2, que hi ha la possibilitat de que la desactivaci\u00f3 d&#8217;alguna <em>cookie<\/em> impedeixi o dificulti la navegaci\u00f3 o la prestaci\u00f3 dels serveis oferts en aquesta web.<\/span><\/p>\n<p><span style=\"font-size: 24pt;\"><strong>4. TRANSFER\u00c8NCIES INTERNACIONALS\u00a0<\/strong><\/span><\/p>\n<p><span style=\"font-size: 14pt;\">El responsable del web no realitza transfer\u00e8ncies internacionals de les cookies pr\u00f2pies.<\/span><\/p>\n<p><span style=\"font-size: 14pt;\">Pot informar-se de les transfer\u00e8ncies a tercers pa\u00efsos que, si escau, realitzen els tercers identificats en aquesta pol\u00edtica de cookies en els seus corresponents pol\u00edtiques:<\/span><\/p>\n<p><span style=\"font-size: 14pt;\">Google: <a href=\"https:\/\/policies.google.com\/privacy?hl=es\">https:\/\/policies.google.com\/privacy?hl=es<\/a><\/span><\/p>\n<p><span style=\"font-size: 24pt;\"><strong>5. DECISIONS AUTOMATIZADES<\/strong><\/span><\/p>\n<p><span style=\"font-size: 14pt;\">Aquestes <em>cookies<\/em> no s&#8217;utilitzen per a l&#8217;elaboraci\u00f3 de perfils que impliquin una presa de decisions automatitzades que puguin comportar efectes jur\u00eddics per a l&#8217;usuari.<\/span><\/p>\n<p><span style=\"font-size: 24pt;\"><strong>6. PER\u00cdODE DE CONSERVACI\u00d3<\/strong><\/span><\/p>\n<p><span style=\"font-size: 14pt;\">Les dades personals obtingudes a partir de l&#8217;\u00fas de les cookies seran conservades durant el termini indicat a la columna descriptiva &#8220;Durada&#8221; i, un cop finalitzat aquest termini, durant els terminis de prescripci\u00f3 legals aplicables segons les diferents finalitats. Transcorregut el termini de prescripci\u00f3, les seves dades seran suprimits.<\/span><\/p>\n<p><span style=\"font-size: 24pt;\"><strong>7. M\u00c9S INFORMACI\u00d3<\/strong><\/span><\/p>\n<p><span style=\"font-size: 14pt;\">Per a m\u00e9s informaci\u00f3 sobre el tractament de les seves dades pot consultar la nostra <a href=\"https:\/\/peopleinred.com\/ca\/politica-de-privadesa\/\"><u>Pol\u00edtica de privadesa<\/u><\/a>.<\/span><\/p>\n<p><span style=\"font-size: 14pt;\">Si tingu\u00e9s algun dubte, comentari o suggeriment sobre la Pol\u00edtica de Cookies, pot dirigir-se per escrit a l&#8217;adre\u00e7a de correu electr\u00f2nic <a href=\"mailto:info@lluita.org\">info@lluita.org<\/a><\/span><\/p>\n","protected":false},"excerpt":{"rendered":"<p>Aquesta pol\u00edtica de cookies s&#8217;elabora en el compliment de les obligacions previstes a l&#8217;article 22.2 de la Llei 34\/2002, de 11 de juliol, de serveis de la societat de la informaci\u00f3 i de comer\u00e7 electr\u00f2nic (en endavant, LSSI), en relaci\u00f3 [&hellip;]<\/p>\n","protected":false},"author":2,"featured_media":0,"parent":0,"menu_order":0,"comment_status":"closed","ping_status":"closed","template":"","meta":{"_joinchat":[],"footnotes":""},"class_list":["post-8147","page","type-page","status-publish","hentry"],"_links":{"self":[{"href":"https:\/\/peopleinred.com\/ca\/wp-json\/wp\/v2\/pages\/8147","targetHints":{"allow":["GET"]}}],"collection":[{"href":"https:\/\/peopleinred.com\/ca\/wp-json\/wp\/v2\/pages"}],"about":[{"href":"https:\/\/peopleinred.com\/ca\/wp-json\/wp\/v2\/types\/page"}],"author":[{"embeddable":true,"href":"https:\/\/peopleinred.com\/ca\/wp-json\/wp\/v2\/users\/2"}],"replies":[{"embeddable":true,"href":"https:\/\/peopleinred.com\/ca\/wp-json\/wp\/v2\/comments?post=8147"}],"version-history":[{"count":4,"href":"https:\/\/peopleinred.com\/ca\/wp-json\/wp\/v2\/pages\/8147\/revisions"}],"predecessor-version":[{"id":8324,"href":"https:\/\/peopleinred.com\/ca\/wp-json\/wp\/v2\/pages\/8147\/revisions\/8324"}],"wp:attachment":[{"href":"https:\/\/peopleinred.com\/ca\/wp-json\/wp\/v2\/media?parent=8147"}],"curies":[{"name":"wp","href":"https:\/\/api.w.org\/{rel}","templated":true}]}}